{"id":687,"date":"2023-07-06T11:55:36","date_gmt":"2023-07-06T11:55:36","guid":{"rendered":"http:\/\/coolants-germany.de\/?post_type=product&#038;p=687"},"modified":"2023-07-19T09:18:54","modified_gmt":"2023-07-19T09:18:54","slug":"rollos-stoffe","status":"publish","type":"product","link":"https:\/\/coolants-germany.de\/en\/product\/rollos-stoffe\/","title":{"rendered":"Hitzeschutzstoff &#8211; Ballenware"},"content":{"rendered":"<p style=\"text-align: left;\">Unsere Hitzeschutzstoffe sind genau wie die Folien das Ergebnis eines Forschungsprojekts an der Universit\u00e4t von Colorado. Dort erzielte ein Team von Wissenschaftlern 2017 einen Durchbruch bei der Erstellung eines Materials, das aufgrund seiner Ausstattung mit einer Schicht aus winzigen Glask\u00fcgelchen nicht nur ein immenses Reflexionsverm\u00f6gen hat, sondern auch ein sehr hohes Emissionsverm\u00f6gen. Damit war es m\u00f6glich, Material herzustellen, das passive K\u00fchlwirkung hat. Inzwischen ist aus dem Forschungsprojekt eine professionelle Produktion in Asien entstanden. Dort werden verschiedene Stoffvarianten hergestellt, aus denen wir Produkte herstellen lassen und die wir Ihnen auch als Ballenware anbieten.<\/p>\n<p style=\"text-align: left;\">Wir verkaufen diese Hitzeschutzstoffe als Rollenwahre f\u00fcr Ihre eigenen Produktideen. Sprechen Sie uns an, wir beraten Sie zu den verschiedenen Qualit\u00e4ten.<\/p>","protected":false},"excerpt":{"rendered":"<p>Unsere Hitzeschutzstoffe sind das Ergebnis eines Forschungsprojekts an der Universit\u00e4t von Colorado.<\/p>\n<p>Leistungsdaten laut Hersteller (unterschiedlich je nach Stoffvariante):<\/p>\n<p>Reflektionsverm\u00f6gen: 70-85%<\/p>\n<p>Emissionsverm\u00f6gen im Bereich von 8~13\u339b: \u226790%<\/p>","protected":false},"featured_media":1724,"template":"","meta":[],"product_brand":[],"product_cat":[24],"product_tag":[],"class_list":{"0":"post-687","1":"product","2":"type-product","3":"status-publish","4":"has-post-thumbnail","6":"product_cat-rollos-stoffe","8":"first","9":"instock","10":"taxable","11":"shipping-taxable","12":"product-type-simple"},"_links":{"self":[{"href":"https:\/\/coolants-germany.de\/en\/wp-json\/wp\/v2\/product\/687","targetHints":{"allow":["GET"]}}],"collection":[{"href":"https:\/\/coolants-germany.de\/en\/wp-json\/wp\/v2\/product"}],"about":[{"href":"https:\/\/coolants-germany.de\/en\/wp-json\/wp\/v2\/types\/product"}],"wp:featuredmedia":[{"embeddable":true,"href":"https:\/\/coolants-germany.de\/en\/wp-json\/wp\/v2\/media\/1724"}],"wp:attachment":[{"href":"https:\/\/coolants-germany.de\/en\/wp-json\/wp\/v2\/media?parent=687"}],"wp:term":[{"taxonomy":"product_brand","embeddable":true,"href":"https:\/\/coolants-germany.de\/en\/wp-json\/wp\/v2\/product_brand?post=687"},{"taxonomy":"product_cat","embeddable":true,"href":"https:\/\/coolants-germany.de\/en\/wp-json\/wp\/v2\/product_cat?post=687"},{"taxonomy":"product_tag","embeddable":true,"href":"https:\/\/coolants-germany.de\/en\/wp-json\/wp\/v2\/product_tag?post=687"}],"curies":[{"name":"wp","href":"https:\/\/api.w.org\/{rel}","templated":true}]}}