{"id":3729,"date":"2023-07-06T12:23:51","date_gmt":"2023-07-06T12:23:51","guid":{"rendered":"https:\/\/coolants-germany.de\/?post_type=product&#038;p=3729"},"modified":"2026-04-16T12:06:07","modified_gmt":"2026-04-16T12:06:07","slug":"nature-holzfarbe-aussen","status":"publish","type":"product","link":"https:\/\/coolants-germany.de\/en\/product\/nature-holzfarbe-aussen\/","title":{"rendered":"Nature Holzfarbe au\u00dfen"},"content":{"rendered":"<p style=\"text-align: left;\"><strong>Hightech-Beschichtung, die h\u00e4lt was sie verspricht<\/strong><\/p>\n<p style=\"text-align: left;\">Mit <strong>Nature<\/strong> werden Holzbauteile gesch\u00fctzt und bleiben au\u00dfergew\u00f6hnlich lange sch\u00f6n. Das Zusammenspiel von Haftf\u00e4higkeit, Elastizit\u00e4t und extremer Widerstandsf\u00e4higkeit, verbunden mit der Reduzierung des Quell- und Schwindverhaltens, verz\u00f6gert den Alterungsprozess des Holzes in idealer Weise. Hoch witterungsbest\u00e4ndig und mit bleibender Elastizit\u00e4t ist Nature der perfekte Holzschutz f\u00fcr Jahre &#8211; kein Abbl\u00e4ttern von Farbe, kein Verblassen.<\/p>\n<p style=\"text-align: left;\">Die reflektive Membrantechnologie sorgt daf\u00fcr, dass auch dunkle Farben bei Sonneneinstrahlung den Untergrund relativ k\u00fchl lassen. <strong>Selbst in einem dunkel gestrichenen Holzbungalow bleibt es angenehm temperiert im Sommer, dank des hohen Reflexionsgrad der Beschichtung.<\/strong> Die Glaskeramik-Hohlk\u00fcgelchen machen es m\u00f6glich.<\/p>\n<p style=\"text-align: left;\"><strong>Anwendungsbereiche<\/strong><\/p>\n<p style=\"text-align: left;\">Nature ist f\u00fcr begrenzt ma\u00dfhaltige Holzbauteile (Nut- und Federbretter, Fachwerke, Fensterl\u00e4den und Tore) und f\u00fcr nicht ma\u00dfhaltigen Holzbauteile (Balkonbr\u00fcstungen, Schindeln, Pergolen und Z\u00e4une) konzipiert.<\/p>\n<p style=\"text-align: left;\"><strong>Highlights:<\/strong><\/p>\n<ul class=\"product-attributes\" style=\"text-align: left;\">\n<li class=\"bullet-arrow\">elastisch<\/li>\n<li class=\"bullet-arrow\">hoch wetterresistent und widerstandsf\u00e4hig<\/li>\n<li class=\"bullet-arrow\">langanhaltend UV-best\u00e4ndig<\/li>\n<li class=\"bullet-arrow\">reduziert die Bildung von Algen, Moosen, Pilzen und F\u00e4ulnis<\/li>\n<li class=\"bullet-arrow\">robust gegen S\u00e4uren, Laugen, Ozon, Stick- und Schwefeloxide<\/li>\n<li class=\"bullet-arrow\">verspr\u00f6det nicht &#8211; kein Abbl\u00e4ttern von Farbe<\/li>\n<\/ul>\n<p>&nbsp;<\/p>\n<p style=\"text-align: left;\">Sie m\u00f6chten gr\u00f6\u00dfere Mengen bestellen? Nehmen Sie <a href=\"https:\/\/coolants-germany.de\/en\/ueber-uns\/kontakt\/\"><strong>Contact<\/strong><\/a> mit uns auf!<\/p>","protected":false},"excerpt":{"rendered":"<p><strong>Nature<\/strong> <strong>Holzschutz<\/strong> ist eine deckende Hightech-Beschichtung f\u00fcr alle begrenzt ma\u00dfhaltigen und nicht ma\u00dfhaltigen Holzbauteile im Au\u00dfenbereich.<\/p>\n<p>&nbsp;<\/p>","protected":false},"featured_media":3733,"template":"","meta":[],"product_brand":[],"product_cat":[19],"product_tag":[],"class_list":{"0":"post-3729","1":"product","2":"type-product","3":"status-publish","4":"has-post-thumbnail","6":"product_cat-klimafarbe","8":"first","9":"outofstock","10":"taxable","11":"shipping-taxable","12":"product-type-variable"},"_links":{"self":[{"href":"https:\/\/coolants-germany.de\/en\/wp-json\/wp\/v2\/product\/3729","targetHints":{"allow":["GET"]}}],"collection":[{"href":"https:\/\/coolants-germany.de\/en\/wp-json\/wp\/v2\/product"}],"about":[{"href":"https:\/\/coolants-germany.de\/en\/wp-json\/wp\/v2\/types\/product"}],"wp:featuredmedia":[{"embeddable":true,"href":"https:\/\/coolants-germany.de\/en\/wp-json\/wp\/v2\/media\/3733"}],"wp:attachment":[{"href":"https:\/\/coolants-germany.de\/en\/wp-json\/wp\/v2\/media?parent=3729"}],"wp:term":[{"taxonomy":"product_brand","embeddable":true,"href":"https:\/\/coolants-germany.de\/en\/wp-json\/wp\/v2\/product_brand?post=3729"},{"taxonomy":"product_cat","embeddable":true,"href":"https:\/\/coolants-germany.de\/en\/wp-json\/wp\/v2\/product_cat?post=3729"},{"taxonomy":"product_tag","embeddable":true,"href":"https:\/\/coolants-germany.de\/en\/wp-json\/wp\/v2\/product_tag?post=3729"}],"curies":[{"name":"wp","href":"https:\/\/api.w.org\/{rel}","templated":true}]}}