{"id":3086,"date":"2023-07-06T12:18:07","date_gmt":"2023-07-06T12:18:07","guid":{"rendered":"https:\/\/coolants-germany.de\/?post_type=product&#038;p=3086"},"modified":"2026-04-16T12:06:08","modified_gmt":"2026-04-16T12:06:08","slug":"industryspecial","status":"publish","type":"product","link":"https:\/\/coolants-germany.de\/en\/product\/industryspecial\/","title":{"rendered":"IndustrySpecial coating"},"content":{"rendered":"<p style=\"text-align: left;\"><strong>A versatile coating for industry<\/strong><\/p>\n<p style=\"text-align: left;\">Die vielf\u00e4ltigen Einsatzm\u00f6glichkeiten von IndustrySpecial beginnen bei der einfachen Silotank-Beschichtung zur Temperaturstabilisierung und gehen \u00fcber den Schutz vor Feuchtigkeit und Kondensatbildung, Antielektrostatik und Abschirmung, \u00fcber Hitze- und Schallschutz bis hin zur Oberfl\u00e4chenvergr\u00f6\u00dferung und Lichtreflexion. IndustrySpecial ist ein wahres Multitalent!<\/p>\n<p style=\"text-align: left;\">Die Beschichtung IndustrySpecial h\u00e4lt einiges an mechanischer Belastung aus. IndustrySpecial ist extrem dehnf\u00e4hig, kann verschiedene Materialien \u00fcberbr\u00fccken und feinste Risse dauerhaft kaschieren.<\/p>\n<p style=\"text-align: left;\">Die hohe Temperaturbest\u00e4ndigkeit von IndustrySpecial und seine Resistenz gegen\u00fcber aggressiven Umwelteinfl\u00fcssen wird weltweit gesch\u00e4tzt. Beschichtet wurden bisher z.B.:<\/p>\n<ul>\n<li style=\"text-align: left;\">Tanks, Silos, Gro\u00dfbeh\u00e4lter<\/li>\n<li style=\"text-align: left;\">Rohrleitungen, Gest\u00e4nge<\/li>\n<li style=\"text-align: left;\">Container, Metallk\u00e4sten<\/li>\n<li style=\"text-align: left;\">Hallenverkleidungen<\/li>\n<li style=\"text-align: left;\">Zeltbahnen<\/li>\n<li style=\"text-align: left;\">flexible Kunststoffoberfl\u00e4chen<\/li>\n<li style=\"text-align: left;\">Kabel- und Techniksch\u00e4chte in Z\u00fcgen<\/li>\n<\/ul>\n<p>&nbsp;<\/p>\n<p style=\"text-align: left;\">Sie wollen ein spezielles Problem mittels Beschichtung l\u00f6sen? Nehmen Sie bitte <a href=\"https:\/\/coolants-germany.de\/en\/ueber-uns\/kontakt\/\">Contact<\/a> mit uns auf, gemeinsam finden wir eine passende L\u00f6sung.<\/p>","protected":false},"excerpt":{"rendered":"<p><strong>A versatile coating for industry <\/strong>\u2013 resistant protective coating with a temperature resistance of -40\u00b0C to +150\u00b0C.<\/p>\n<p>&nbsp;<\/p>","protected":false},"featured_media":3087,"template":"","meta":[],"product_brand":[],"product_cat":[19],"product_tag":[81,82,83],"class_list":{"0":"post-3086","1":"product","2":"type-product","3":"status-publish","4":"has-post-thumbnail","6":"product_cat-klimafarbe","7":"product_tag-klimafarbe","8":"product_tag-klimabeschichtung","9":"product_tag-hitzeschutz","10":"product_shipping_class-farben","12":"first","13":"instock","14":"taxable","15":"shipping-taxable","16":"product-type-simple"},"_links":{"self":[{"href":"https:\/\/coolants-germany.de\/en\/wp-json\/wp\/v2\/product\/3086","targetHints":{"allow":["GET"]}}],"collection":[{"href":"https:\/\/coolants-germany.de\/en\/wp-json\/wp\/v2\/product"}],"about":[{"href":"https:\/\/coolants-germany.de\/en\/wp-json\/wp\/v2\/types\/product"}],"wp:featuredmedia":[{"embeddable":true,"href":"https:\/\/coolants-germany.de\/en\/wp-json\/wp\/v2\/media\/3087"}],"wp:attachment":[{"href":"https:\/\/coolants-germany.de\/en\/wp-json\/wp\/v2\/media?parent=3086"}],"wp:term":[{"taxonomy":"product_brand","embeddable":true,"href":"https:\/\/coolants-germany.de\/en\/wp-json\/wp\/v2\/product_brand?post=3086"},{"taxonomy":"product_cat","embeddable":true,"href":"https:\/\/coolants-germany.de\/en\/wp-json\/wp\/v2\/product_cat?post=3086"},{"taxonomy":"product_tag","embeddable":true,"href":"https:\/\/coolants-germany.de\/en\/wp-json\/wp\/v2\/product_tag?post=3086"}],"curies":[{"name":"wp","href":"https:\/\/api.w.org\/{rel}","templated":true}]}}