{"id":3070,"date":"2023-07-06T12:20:45","date_gmt":"2023-07-06T12:20:45","guid":{"rendered":"https:\/\/coolants-germany.de\/?post_type=product&#038;p=3070"},"modified":"2026-04-16T12:06:08","modified_gmt":"2026-04-16T12:06:08","slug":"thermoactive","status":"publish","type":"product","link":"https:\/\/coolants-germany.de\/en\/product\/thermoactive\/","title":{"rendered":"ThermoActive roof coating"},"content":{"rendered":"<p style=\"text-align: left;\"><strong>Reflective roof coating with excellent cooling performance<\/strong><\/p>\n<p style=\"text-align: left;\">ThermoActive ist die klimatisierende Dachbeschichtung. Sie sorgt f\u00fcr k\u00fchlere R\u00e4ume unter hei\u00dfer Sonne. ThermoActive verl\u00e4ngert die Lebensdauer der Dachkonstruktion und senkt die Temperaturen im Geb\u00e4udeinneren. Das spart Ressourcen f\u00fcr die Wartung des Daches und reduziert die Energieverbr\u00e4uche der Klimaanlagen.<\/p>\n<p style=\"text-align: left;\">Die elastische Beschichtung ist wetterresistent und langanhaltend UV-best\u00e4ndig, wirkt material\u00fcberbr\u00fcckend und ist sehr robust gegen S\u00e4uren, Laugen, Ozon, Stick- und Schwefeloxide. Die innovative Rezeptur und die hochwertigen Rohstoffe sorgen daf\u00fcr, dass sich nach dem Auftragen der Beschichtung eine flexible und reflektive Membran mit diesen hervorragenden Eigenschaften ausbildet. Gepaart mit einem Reflexionsverm\u00f6gen von \u00fcber 91% und einer Temperaturbest\u00e4ndigkeit von -40 bis + 150\u00b0C ist die Beschichtung ein rundum hilfreiches Spitzenprodukt.<\/p>\n<p style=\"text-align: left;\">ThermoActive erf\u00fcllt die Anforderungen des unabh\u00e4ngigen international t\u00e4tigen <a href=\"https:\/\/coolroofs.org\" target=\"_blank\" rel=\"noopener\">Cool Roof Rating Council (CRRC) <\/a>f\u00fcr eine k\u00fchlende Dachbeschichtung und hat ein entsprechendes <a href=\"https:\/\/coolants-germany.de\/wp-content\/uploads\/2024\/03\/CoolRoof-Zertifikat_CRRC-Notification-Of-Product-Rating-004450.pdf\">CoolRoof-Zertifikat &#8211; CRRC<\/a><\/p>\n<div id=\"tab-description\" class=\"panel entry-content tabs-container\" style=\"text-align: left;\">\n<p>Neben den hohen Reflexions- und Emissionswerten tr\u00e4gt noch ein weiterer Effekt zur Hitzereduktion bei: die Beschichtung ThermoActive nimmt Feuchtigkeit aus der Luft auf, die durch Sonneneinstrahlung verdunstet und k\u00fchlt. Dabei muss das Dach nicht unbedingt wei\u00df beschichtet sein. Hohe K\u00fchlleistungen durch Verdunstung werden auch bei dunkleren Farbt\u00f6nen erreicht. Somit l\u00e4sst sich der Energieverbrauch f\u00fcr K\u00fchlung in jedem Fall senken und ein Beitrag zur CO<sub>2<\/sub>-Reduzierung leisten.<\/p>\n<p>&nbsp;<\/p>\n<\/div>\n<p style=\"text-align: left;\">Sie sind Verarbeiter und interessieren sich f\u00fcr dieses Produkt? Nehmen Sie bitte <a href=\"https:\/\/coolants-germany.de\/en\/ueber-uns\/kontakt\/\">Contact<\/a> mit uns auf.<\/p>","protected":false},"excerpt":{"rendered":"<p><strong>Reflective roof coating with excellent cooling performance <\/strong>\u2013 ThermoActive is the cool roof coating.<\/p>\n<p>&nbsp;<\/p>","protected":false},"featured_media":3084,"template":"","meta":[],"product_brand":[],"product_cat":[19],"product_tag":[81,82,83],"class_list":{"0":"post-3070","1":"product","2":"type-product","3":"status-publish","4":"has-post-thumbnail","6":"product_cat-klimafarbe","7":"product_tag-klimafarbe","8":"product_tag-klimabeschichtung","9":"product_tag-hitzeschutz","10":"product_shipping_class-farben","12":"first","13":"instock","14":"taxable","15":"shipping-taxable","16":"product-type-simple"},"_links":{"self":[{"href":"https:\/\/coolants-germany.de\/en\/wp-json\/wp\/v2\/product\/3070","targetHints":{"allow":["GET"]}}],"collection":[{"href":"https:\/\/coolants-germany.de\/en\/wp-json\/wp\/v2\/product"}],"about":[{"href":"https:\/\/coolants-germany.de\/en\/wp-json\/wp\/v2\/types\/product"}],"wp:featuredmedia":[{"embeddable":true,"href":"https:\/\/coolants-germany.de\/en\/wp-json\/wp\/v2\/media\/3084"}],"wp:attachment":[{"href":"https:\/\/coolants-germany.de\/en\/wp-json\/wp\/v2\/media?parent=3070"}],"wp:term":[{"taxonomy":"product_brand","embeddable":true,"href":"https:\/\/coolants-germany.de\/en\/wp-json\/wp\/v2\/product_brand?post=3070"},{"taxonomy":"product_cat","embeddable":true,"href":"https:\/\/coolants-germany.de\/en\/wp-json\/wp\/v2\/product_cat?post=3070"},{"taxonomy":"product_tag","embeddable":true,"href":"https:\/\/coolants-germany.de\/en\/wp-json\/wp\/v2\/product_tag?post=3070"}],"curies":[{"name":"wp","href":"https:\/\/api.w.org\/{rel}","templated":true}]}}