{"id":2678,"date":"2023-06-24T06:33:32","date_gmt":"2023-06-24T06:33:32","guid":{"rendered":"https:\/\/coolants-germany.de\/?post_type=product&#038;p=2678"},"modified":"2026-04-16T12:08:53","modified_gmt":"2026-04-16T12:08:53","slug":"kuehlender-vorhang","status":"publish","type":"product","link":"https:\/\/coolants-germany.de\/en\/product\/kuehlender-vorhang\/","title":{"rendered":"K\u00fchlender Vorhang"},"content":{"rendered":"<p style=\"text-align: left;\"><b>Powercool SX3 Cooling Slider \u2013 die aktiv k\u00fchlenden Vorh\u00e4nge &#8211; eine umweltfreundliche Alternative zu Klimaanlagen<\/b><\/p>\n<p style=\"text-align: left;\">Ganz ohne Klimaanlage f\u00fcr angenehme und k\u00fchle Raumtemperaturen sorgen? Die aktiv k\u00fchlenden Vorh\u00e4nge von E.COOLINE liefert Ihnen bei hohen Temperaturen ein herrlich erfrischendes Raumklima &#8211; klimaneutral und ohne zus\u00e4tzliche Energiekosten.<\/p>\n<p style=\"text-align: left;\">Im Homeoffice, im Gro\u00dfraumb\u00fcro und in den eigenen vier W\u00e4nden: die aktiv k\u00fchlenden Vorh\u00e4nge sind eine effektive nachhaltige Alternative zu Klimaanlagen.<\/p>\n<p style=\"text-align: left;\"><b>K\u00fchlende Gardinen statt Klimaanlage: So funktioniert\u2019s<\/b><\/p>\n<p style=\"text-align: left;\">Das Geheimnis liegt im Material. Das <i>COOLINE SX3 Hightech-Vlies<\/i> zeichnet sich durch die funktionale Finesse aus, gro\u00dfe Mengen Wasser sekundenschnell im Innern zu binden und direkt auf den smarten 3D-Fasern fest zu speichern. Der Vorteil: es entsteht eine enorm gro\u00dfe Oberfl\u00e4che an Wassermolek\u00fclen, die sofort hochaktiv verdunsten und effektiv k\u00fchlen k\u00f6nnen. Es bilden sich auf Druck keinerlei Wassertropfen oder Kondenswasser.<\/p>\n<p style=\"text-align: left;\">Einfach die k\u00fchlenden Vorh\u00e4nge mit kaltem Leitungswasser aus einer Spr\u00fchflasche bespr\u00fchen und das Hightech-Vlies aktivieren. Keine Sorge: Die Vorh\u00e4nge sind im Anschluss sofort wieder trocken, sie tropfen nicht. Stattdessen verdunstet das Wasser und sorgt so in Sekundenschnelle f\u00fcr eine angenehme K\u00fchlung mit bis zu 660 Watt\/h und f\u00fcr ein gesundes Raumklima. Auf diese Weise werden bis zu 97% CO2 im Vergleich zu Klimaanlagen eingespart. Eine deutlich bessere Umweltbilanz \u2013ganz ohne zus\u00e4tzliche Energiekosten.<\/p>\n<p style=\"text-align: left;\">Die Vorh\u00e4nge k\u00f6nnen mit g\u00e4ngigen Schienen f\u00fcr Fl\u00e4chen- und Schiebevorh\u00e4nge aufgeh\u00e4ngt werden.\u00a0 Die eigentliche Befestigung erfolgt dann \u00fcber einen Klettverschluss.<\/p>\n<p style=\"text-align: left;\"><strong>Gr\u00f6\u00dfen<\/strong>:<\/p>\n<p style=\"text-align: left;\">Breite 60 cm<\/p>\n<p style=\"text-align: left;\">Erh\u00e4ltlich in den L\u00e4ngen 245 cm (Gr. S) und 295 cm (Gr. L)<\/p>\n<p style=\"text-align: left;\"><b>Material<\/b>: Obermaterial: 100% Polyester &#8211; 100% PES \u2013 Trevira CS,\u00a0Einsatz: 100% COOLINE Polyester<\/p>\n<p style=\"text-align: left;\">Mit den E.COOLINE Powercool SX3 Slidern k\u00fchlen Sie Ihre R\u00e4ume <b>klimaneutral<\/b> mit einer <b>Technologie &#8222;Made in Germany&#8220;<\/b><\/p>\n<p style=\"text-align: left;\"><em>Hinweis: Der Artikel &#8222;Powercool SX3 Cooling Slider&#8220; wird ohne aufgedrucktes E.COOLINE-Logo geliefert.<\/em><\/p>\n<div class=\"widget widget-text widget-none\">\n<p><img decoding=\"async\" class=\"alignleft\" src=\"https:\/\/shop.e-cooline.de\/images\/gallery\/Logos\/Waschsymbole_2015.jpg\" alt=\"\" \/><\/p>\n<\/div>\n<p>&nbsp;<\/p>\n<div class=\"widget widget-text widget-none\">\n<p>&nbsp;<\/p>\n<p style=\"text-align: left;\"><b>E.COOLINE K\u00fchlkleidung<\/b> ist \u00a0\u2013 im Gegensatz zu den meisten anderen K\u00fchlfunktionstextilien \u2013 <b>waschbar<\/b>.<\/p>\n<p style=\"text-align: left;\">Alle unsere Artikel sind <b>per Handw\u00e4sche<\/b> oder im <b>Wollwaschgang ohne Schleuderfunktion<\/b> bei 30\u00b0C mit dem f\u00fcr E.COOLINE K\u00fchlfunktionstextilien entwickelten <a href=\"http:\/\/coolants-germany.de\/en\/product\/deoxx-eco-wash-spezialwaschmittel\/\">Spezialwaschmittel DEOXX<sup>\u00ae<\/sup> ecowash<\/a>\u00a0(alternativ: TOKO<sup>\u00ae<\/sup>\u00a0ecowash) waschbar. Auch viele andere handels\u00fcbliche ph-neutrale Fl\u00fcssigwaschmittel sind geeignet, wobei wir aufgrund der unterschiedlichen chemischen Zusammensetzungen hierf\u00fcr keine Garantie geben k\u00f6nnen.<\/p>\n<p style=\"text-align: left;\">Bitte beachten Sie die dem Produkt beiliegende Anleitung.<\/p>\n<p>&nbsp;<\/p>\n<\/div>\n<div class=\"widget widget-text widget-none\">\n<div class=\"widget widget-text widget-none\">\n<div class=\"widget-inner bg-appearance\">\n<h4 style=\"text-align: left;\"><strong>Die COOLINE SX3 Technologie<\/strong><\/h4>\n<\/div>\n<\/div>\n<div class=\"widget widget-text widget-none\">\n<div class=\"widget-inner bg-appearance\" style=\"text-align: left;\">\n<p>Die geniale COOLINE SX3-Technologie, die in E.COOLINE steckt, sorgt mit smarten Fasern f\u00fcr bis zu 660 Watt K\u00fchlenergie. So erzielt man effektive K\u00fchltemperaturen von bis zu 12\u00b0C und spart dabei auch noch bis zu 97% CO2 im Vergleich zu Klimaanlagen. Das ist nicht nur cool, sondern auch umweltfreundlich.<\/p>\n<p>Der gro\u00dfe Vorteil von COOLINE SX3: Jeder k\u00fchlt sich ganz individuell. Durch die patentierte Technologie und die DEOXXfresh Ausr\u00fcstung sorgen die waschbaren Decken mit der <strong>Technologie \u201aMade in Germany\u2018<\/strong> in jeder Situation f\u00fcr angenehme trockene K\u00fchlung und das perfekte Frischegef\u00fchl.<\/p>\n<\/div>\n<p style=\"text-align: left;\">\n<\/div>\n<p style=\"text-align: left;\"><img fetchpriority=\"high\" decoding=\"async\" class=\"wp-image-2396 aligncenter\" src=\"http:\/\/coolants-germany.de\/wp-content\/uploads\/2023\/07\/E.COOLINE_Funktionsgrafik_3D_COOL_SX3_2019-300x278.png\" alt=\"\" width=\"546\" height=\"506\" srcset=\"https:\/\/coolants-germany.de\/wp-content\/uploads\/2023\/07\/E.COOLINE_Funktionsgrafik_3D_COOL_SX3_2019-300x278.png 300w, https:\/\/coolants-germany.de\/wp-content\/uploads\/2023\/07\/E.COOLINE_Funktionsgrafik_3D_COOL_SX3_2019-600x556.png 600w, https:\/\/coolants-germany.de\/wp-content\/uploads\/2023\/07\/E.COOLINE_Funktionsgrafik_3D_COOL_SX3_2019-1024x949.png 1024w, https:\/\/coolants-germany.de\/wp-content\/uploads\/2023\/07\/E.COOLINE_Funktionsgrafik_3D_COOL_SX3_2019-768x712.png 768w, https:\/\/coolants-germany.de\/wp-content\/uploads\/2023\/07\/E.COOLINE_Funktionsgrafik_3D_COOL_SX3_2019-1536x1424.png 1536w, https:\/\/coolants-germany.de\/wp-content\/uploads\/2023\/07\/E.COOLINE_Funktionsgrafik_3D_COOL_SX3_2019-2048x1898.png 2048w, https:\/\/coolants-germany.de\/wp-content\/uploads\/2023\/07\/E.COOLINE_Funktionsgrafik_3D_COOL_SX3_2019-13x12.png 13w, https:\/\/coolants-germany.de\/wp-content\/uploads\/2023\/07\/E.COOLINE_Funktionsgrafik_3D_COOL_SX3_2019-60x56.png 60w, https:\/\/coolants-germany.de\/wp-content\/uploads\/2023\/07\/E.COOLINE_Funktionsgrafik_3D_COOL_SX3_2019-110x102.png 110w\" sizes=\"(max-width: 546px) 100vw, 546px\" \/><\/p>\n<div class=\"widget widget-text widget-none\">\n<div class=\"widget-inner bg-appearance\">\n<h4><\/h4>\n<h4 style=\"text-align: left;\"><strong>So aktivieren Sie die k\u00fchlenden E.COOLINE Funktionstextilien<\/strong><\/h4>\n<\/div>\n<\/div>\n<div class=\"widget widget-text widget-none mb-4\" style=\"text-align: left;\">\n<div class=\"widget-inner bg-appearance\">\n<p>Die E.COOLINE K\u00fchlfunktionskleidung, k\u00fchlende Decken und k\u00fchlende T\u00fccher einfach unter dem Wasserhahn mit ca. 0,75 Liter Leitungswasser aktivieren, abtrocknen und anziehen. Die K\u00fchltextilien sind innerhalb von Sekunden trocken und einsatzbereit &#8211; immer und \u00fcberall. Sie sorgen bis zu 10 Stunden f\u00fcr eine schnelle und einfache Abk\u00fchlung bei Hitze. Eine externe, umweltbelastende Energiequelle wird nicht ben\u00f6tigt. Deshalb &#8211; und weil sie klimaneutral produziert wurden \u2013 machen die K\u00fchltextilien auch in Sachen Nachhaltigkeit gute Laune.<\/p>\n<p><strong>Bitte beachten Sie auch die dem Produkt beiliegende Anleitung.<\/strong><\/p>\n<p>&nbsp;<\/p>\n<\/div>\n<\/div>\n<p><img decoding=\"async\" class=\"wp-image-2404 aligncenter\" src=\"http:\/\/coolants-germany.de\/wp-content\/uploads\/2023\/07\/Bildschirmfoto-2023-07-06-um-09.06.51-300x119.webp\" alt=\"Aktivierungsanleitung K\u00fchlkleidung - Cool Ants Germany\" width=\"1084\" height=\"430\" srcset=\"https:\/\/coolants-germany.de\/wp-content\/uploads\/2023\/07\/Bildschirmfoto-2023-07-06-um-09.06.51-300x119.webp 300w, https:\/\/coolants-germany.de\/wp-content\/uploads\/2023\/07\/Bildschirmfoto-2023-07-06-um-09.06.51-jpeg-600x238.webp 600w, https:\/\/coolants-germany.de\/wp-content\/uploads\/2023\/07\/Bildschirmfoto-2023-07-06-um-09.06.51-1024x406.webp 1024w, https:\/\/coolants-germany.de\/wp-content\/uploads\/2023\/07\/Bildschirmfoto-2023-07-06-um-09.06.51-768x305.webp 768w, https:\/\/coolants-germany.de\/wp-content\/uploads\/2023\/07\/Bildschirmfoto-2023-07-06-um-09.06.51-1536x609.webp 1536w, https:\/\/coolants-germany.de\/wp-content\/uploads\/2023\/07\/Bildschirmfoto-2023-07-06-um-09.06.51-2048x812.webp 2048w, https:\/\/coolants-germany.de\/wp-content\/uploads\/2023\/07\/Bildschirmfoto-2023-07-06-um-09.06.51-18x7.webp 18w, https:\/\/coolants-germany.de\/wp-content\/uploads\/2023\/07\/Bildschirmfoto-2023-07-06-um-09.06.51-60x24.webp 60w, https:\/\/coolants-germany.de\/wp-content\/uploads\/2023\/07\/Bildschirmfoto-2023-07-06-um-09.06.51-110x44.webp 110w\" sizes=\"(max-width: 1084px) 100vw, 1084px\" \/><\/p>\n<\/div>","protected":false},"excerpt":{"rendered":"<p><strong>Powercool SX3 Cooling Slider &#8211; k\u00fchlende Vorh\u00e4nge<\/strong> &#8211; einspr\u00fchen mit Wasser und den ganzen Tag Verdunstungsk\u00fchle im Raum.<\/p>\n<p class=\"h4\">Diese Vorteile bekommen Sie nur bei E.COOLINE:<\/p>\n<ul class=\"list-unstyled\">\n<li><i class=\"fa fa-check mr-1\" aria-hidden=\"true\"><\/i> <a class=\"d-inline-block\">Leistungsstarke 3D-K\u00fchlung mit 660 Watt<\/a><\/li>\n<li><i class=\"fa fa-check mr-1\" aria-hidden=\"true\"><\/i> <a class=\"d-inline-block\">K\u00fchlwirkung best\u00e4tigt durch HOHENSTEIN<\/a><\/li>\n<li><i class=\"fa fa-check mr-1\" aria-hidden=\"true\"><\/i> <a class=\"d-inline-block\">Schnellste Aktivierung \u2013 spart Zeit und Aufwand<\/a><\/li>\n<li><i class=\"fa fa-check mr-1\" aria-hidden=\"true\"><\/i> <a class=\"d-inline-block\">Sofort trockene, angenehme Oberfl\u00e4che<\/a><\/li>\n<li><i class=\"fa fa-check mr-1\" aria-hidden=\"true\"><\/i> <a class=\"d-inline-block\">Leicht, atmungsaktiv, schwei\u00dfaufnehmend und antibakteriell<\/a><\/li>\n<li><i class=\"fa fa-check mr-1\" aria-hidden=\"true\"><\/i> <a class=\"d-inline-block\">Klimafreundlich, patentiert und Made in Germany<\/a><\/li>\n<\/ul>\n<p>&nbsp;<\/p>","protected":false},"featured_media":2685,"template":"","meta":[],"product_brand":[],"product_cat":[24,169],"product_tag":[],"class_list":{"0":"post-2678","1":"product","2":"type-product","3":"status-publish","4":"has-post-thumbnail","6":"product_cat-rollos-stoffe","7":"product_cat-gardinen","8":"product_shipping_class-kuehlbekleidung","10":"first","11":"instock","12":"taxable","13":"shipping-taxable","14":"purchasable","15":"product-type-variable"},"_links":{"self":[{"href":"https:\/\/coolants-germany.de\/en\/wp-json\/wp\/v2\/product\/2678","targetHints":{"allow":["GET"]}}],"collection":[{"href":"https:\/\/coolants-germany.de\/en\/wp-json\/wp\/v2\/product"}],"about":[{"href":"https:\/\/coolants-germany.de\/en\/wp-json\/wp\/v2\/types\/product"}],"wp:featuredmedia":[{"embeddable":true,"href":"https:\/\/coolants-germany.de\/en\/wp-json\/wp\/v2\/media\/2685"}],"wp:attachment":[{"href":"https:\/\/coolants-germany.de\/en\/wp-json\/wp\/v2\/media?parent=2678"}],"wp:term":[{"taxonomy":"product_brand","embeddable":true,"href":"https:\/\/coolants-germany.de\/en\/wp-json\/wp\/v2\/product_brand?post=2678"},{"taxonomy":"product_cat","embeddable":true,"href":"https:\/\/coolants-germany.de\/en\/wp-json\/wp\/v2\/product_cat?post=2678"},{"taxonomy":"product_tag","embeddable":true,"href":"https:\/\/coolants-germany.de\/en\/wp-json\/wp\/v2\/product_tag?post=2678"}],"curies":[{"name":"wp","href":"https:\/\/api.w.org\/{rel}","templated":true}]}}