{"id":2405,"date":"2023-07-06T12:25:28","date_gmt":"2023-07-06T12:25:28","guid":{"rendered":"http:\/\/coolants-germany.de\/?post_type=product&#038;p=2405"},"modified":"2026-04-16T12:06:06","modified_gmt":"2026-04-16T12:06:06","slug":"history-fassadenfarbe","status":"publish","type":"product","link":"https:\/\/coolants-germany.de\/en\/product\/history-fassadenfarbe\/","title":{"rendered":"History facade coating"},"content":{"rendered":"<p style=\"text-align: left;\"><strong>Value-preserving facade protection with gentle dehumidification<\/strong><\/p>\n<p style=\"text-align: left;\">Sanfte Kapillartrocknung und ausgleichendes Feuchtemanagement zeichnen die Fassadenbeschichtung History f\u00fcr denkmalgesch\u00fctzte Geb\u00e4udefassaden aus. Zus\u00e4tzlich wird mit History der erneute Feuchteintrag effizient verhindert \u2013 auf ganz nat\u00fcrliche, physikalische Weise.<\/p>\n<p style=\"text-align: left;\">Alle Beschichtungen bzw. Farben von ClimateCoating<sup>\u00ae<\/sup> basieren auf der reflektiven Membrantechnologie und wirken rein physikalisch. Die umweltfreundlichen und leistungsstarken Anstrichstoffe \u00fcberzeugen Anwender weltweit seit 2003 durch ihre besonderen Eigenschaften und hohe Wirtschaftlichkeit.<\/p>\n<p style=\"text-align: left;\">Fast jeder mineralische Untergrund im Altbau ist wasser- und salzbelastet. Daraus erkl\u00e4rt sich die Forderung des Denkmalschutzes nach einer optimalen kapillar- und diffusionsoffenen Beschichtung, die einen Salz- und Feuchtestau unbedingt verhindern und dar\u00fcber hinaus allen modernen Umweltbelastungen standhalten soll.<\/p>\n<p style=\"text-align: left;\"><strong>Sanftere Kapillartrocknung<\/strong><br \/>\nDer wirksamste Entfeuchtungsmechanismus ist die Kapillartrocknung, bei der Wasser und Salz von innen nach au\u00dfen an die Wandoberfl\u00e4che transportiert werden. History erm\u00f6glicht eine schonendere Entfeuchtung bis zur Bauausgleichsfeuchte und verhindert als hygrische Diode neue Feuchteeintr\u00e4ge, zum Beispiel durch Regen. Algen, Moose und Pilze finden keinen N\u00e4hrboden mehr und die Fassaden behalten \u00fcber viele Jahre ihre wertvolle Optik \u2013 dank der physikalischen Eigenschaften und hochwertigen Rezeptur von History.<\/p>\n<p style=\"text-align: left;\">Sie m\u00f6chten gr\u00f6\u00dfere Mengen bestellen? Nehmen Sie <a href=\"http:\/\/coolants-germany.de\/en\/ueber-uns\/kontakt\/\"><strong>Contact<\/strong><\/a> mit uns auf!<\/p>","protected":false},"excerpt":{"rendered":"<p><strong>Value-preserving facade protection with gentle dehumidification <\/strong>\u2013 Gentle capillary drying and balancing moisture management characterize the facade coating History for listed building facades.<\/p>\n<p>&nbsp;<\/p>","protected":false},"featured_media":2416,"template":"","meta":[],"product_brand":[],"product_cat":[19],"product_tag":[81,82,83],"class_list":{"0":"post-2405","1":"product","2":"type-product","3":"status-publish","4":"has-post-thumbnail","6":"product_cat-klimafarbe","7":"product_tag-klimafarbe","8":"product_tag-klimabeschichtung","9":"product_tag-hitzeschutz","10":"product_shipping_class-farben","12":"first","13":"instock","14":"taxable","15":"shipping-taxable","16":"purchasable","17":"product-type-variable","18":"has-default-attributes"},"_links":{"self":[{"href":"https:\/\/coolants-germany.de\/en\/wp-json\/wp\/v2\/product\/2405","targetHints":{"allow":["GET"]}}],"collection":[{"href":"https:\/\/coolants-germany.de\/en\/wp-json\/wp\/v2\/product"}],"about":[{"href":"https:\/\/coolants-germany.de\/en\/wp-json\/wp\/v2\/types\/product"}],"wp:featuredmedia":[{"embeddable":true,"href":"https:\/\/coolants-germany.de\/en\/wp-json\/wp\/v2\/media\/2416"}],"wp:attachment":[{"href":"https:\/\/coolants-germany.de\/en\/wp-json\/wp\/v2\/media?parent=2405"}],"wp:term":[{"taxonomy":"product_brand","embeddable":true,"href":"https:\/\/coolants-germany.de\/en\/wp-json\/wp\/v2\/product_brand?post=2405"},{"taxonomy":"product_cat","embeddable":true,"href":"https:\/\/coolants-germany.de\/en\/wp-json\/wp\/v2\/product_cat?post=2405"},{"taxonomy":"product_tag","embeddable":true,"href":"https:\/\/coolants-germany.de\/en\/wp-json\/wp\/v2\/product_tag?post=2405"}],"curies":[{"name":"wp","href":"https:\/\/api.w.org\/{rel}","templated":true}]}}