{"id":2284,"date":"2023-07-05T14:13:03","date_gmt":"2023-07-05T14:13:03","guid":{"rendered":"http:\/\/coolants-germany.de\/?post_type=product&#038;p=2284"},"modified":"2026-04-16T12:08:39","modified_gmt":"2026-04-16T12:08:39","slug":"basecap","status":"publish","type":"product","link":"https:\/\/coolants-germany.de\/en\/product\/basecap\/","title":{"rendered":"BaseCap"},"content":{"rendered":"<h3 style=\"text-align: left;\"><b>Powercool SX3 Basecap \u2013 das k\u00fchlende Cap f\u00fcr einen k\u00fchlen Kopf<\/b><\/h3>\n<p style=\"text-align: left;\">Mit dem E.COOLINE Powercool SX3 Basecap wird der Sommer gleich viel cooler. Denn auch wenn die Sonne brennt und es hei\u00df hergeht \u2013 das k\u00fchlende Cap sorgt immer f\u00fcr einen k\u00fchlen Kopf. Es reduziert starkes Schwitzen, Sie f\u00fchlen sich selbst bei gro\u00dfer Hitze frisch, k\u00f6nnen sich besser konzentrieren und haben mehr Energie. Das funktioniert bei der Arbeit, beim Sport und in der Freizeit. Das K\u00fchl-Cap\u00a0bietet in jeder Situation eine angenehme, trockene K\u00fchlung und damit das perfekte Frischegef\u00fchl.<\/p>\n<p style=\"text-align: left;\">Auch Menschen mit Hitzeproblemen, wie z.B. Tetraplegiker oder Multiple Sklerose Patienten haben damit eine einfache, schnelle und effektive M\u00f6glichkeit, Ersch\u00f6pfung (Fatigue), Leistungsabfall und gesundheitlichen Beschwerden entgegenzuwirken. Konzentration und Leistungsf\u00e4higkeit bleiben erhalten, das Wohlbefinden wird deutlich gesteigert.<\/p>\n<p style=\"text-align: left;\">Das Material ist leicht und anschmiegsam. Der klassische Schnitt und die gute Passform machen das k\u00fchlende Basecap zum l\u00e4ssigen Allrounder f\u00fcr jede Gelegenheit Mit seinem gebogenen Schirm sch\u00fctzt das K\u00fchl &#8211; Cap die Augen vor blendender Sonne. Es l\u00e4sst sich ganz einfach per Klettverschluss am Hinterkopf stufenlos verstellen und sorgt so f\u00fcr einen passgenauen und bequemen Sitz.<\/p>\n<p style=\"text-align: left;\"><b>Material: <\/b>Obermaterial: 100% Polyester; F\u00fcllung: 100% COOLINE Polyester<\/p>\n<p style=\"text-align: left;\">Mit dem E.COOLINE Powercool SX3 Basecap k\u00fchlen Sie sich <b>klimaneutral<\/b>\u00a0mit einer <b>Technologie &#8222;Made in Germany&#8220;<\/b><\/p>\n<p>&nbsp;<\/p>\n<p style=\"text-align: left;\"><strong>Einheitsgr\u00f6\u00dfe (54 bis 60 cm Kopfumfang)\u00a0<\/strong><\/p>\n<p>&nbsp;<\/p>\n<p style=\"text-align: left;\"><img decoding=\"async\" src=\"https:\/\/shop.e-cooline.de\/images\/gallery\/Logos\/Waschsymbole_2015.jpg\" alt=\"\" \/><\/p>\n<p style=\"text-align: left;\"><b>E.COOLINE K\u00fchlkleidung<\/b> ist \u00a0\u2013 im Gegensatz zu den meisten anderen K\u00fchlfunktionstextilien \u2013 <b>waschbar<\/b>.<\/p>\n<p style=\"text-align: left;\">Alle unsere Artikel sind <b>per Handw\u00e4sche<\/b> oder im <b>Wollwaschgang ohne Schleuderfunktion<\/b> bei 30\u00b0C mit dem f\u00fcr E.COOLINE K\u00fchlfunktionstextilien entwickelten <a href=\"http:\/\/coolants-germany.de\/en\/product\/deoxx-eco-wash-spezialwaschmittel\/\">Spezialwaschmittel DEOXX<sup>\u00ae<\/sup> ecowash<\/a> (alternativ: TOKO<sup>\u00ae<\/sup>\u00a0ecowash) waschbar. Auch viele andere handels\u00fcbliche ph-neutrale Fl\u00fcssigwaschmittel sind geeignet, wobei wir aufgrund der unterschiedlichen chemischen Zusammensetzungen hierf\u00fcr keine Garantie geben k\u00f6nnen.<\/p>\n<p style=\"text-align: left;\">Bitte beachten Sie die dem Produkt beiliegende Anleitung.<\/p>\n<p>&nbsp;<\/p>\n<div class=\"widget widget-text widget-none\">\n<div class=\"widget-inner bg-appearance\">\n<h4 style=\"text-align: left;\"><strong>Die COOLINE SX3 Technologie<\/strong><\/h4>\n<\/div>\n<\/div>\n<div class=\"widget widget-text widget-none\">\n<div class=\"widget-inner bg-appearance\" style=\"text-align: left;\">\n<p>Die geniale COOLINE SX3-Technologie, die in E.COOLINE steckt, sorgt mit smarten Fasern f\u00fcr bis zu 660 Watt K\u00fchlenergie. So erzielt man effektive K\u00fchltemperaturen von bis zu 12\u00b0C und spart dabei auch noch bis zu 97% CO2 im Vergleich zu Klimaanlagen. Das ist nicht nur cool, sondern auch umweltfreundlich.<\/p>\n<p>Der gro\u00dfe Vorteil von COOLINE SX3: Jeder k\u00fchlt sich ganz individuell. Durch die patentierte Technologie und die DEOXXfresh Ausr\u00fcstung sorgen die waschbaren Decken mit der <strong>Technologie \u201aMade in Germany\u2018<\/strong> in jeder Situation f\u00fcr angenehme trockene K\u00fchlung und das perfekte Frischegef\u00fchl.<\/p>\n<\/div>\n<p style=\"text-align: left;\">\n<\/div>\n<p style=\"text-align: left;\"><img fetchpriority=\"high\" decoding=\"async\" class=\"wp-image-2396 aligncenter\" src=\"http:\/\/coolants-germany.de\/wp-content\/uploads\/2023\/07\/E.COOLINE_Funktionsgrafik_3D_COOL_SX3_2019-300x278.png\" alt=\"\" width=\"546\" height=\"506\" srcset=\"https:\/\/coolants-germany.de\/wp-content\/uploads\/2023\/07\/E.COOLINE_Funktionsgrafik_3D_COOL_SX3_2019-300x278.png 300w, https:\/\/coolants-germany.de\/wp-content\/uploads\/2023\/07\/E.COOLINE_Funktionsgrafik_3D_COOL_SX3_2019-600x556.png 600w, https:\/\/coolants-germany.de\/wp-content\/uploads\/2023\/07\/E.COOLINE_Funktionsgrafik_3D_COOL_SX3_2019-1024x949.png 1024w, https:\/\/coolants-germany.de\/wp-content\/uploads\/2023\/07\/E.COOLINE_Funktionsgrafik_3D_COOL_SX3_2019-768x712.png 768w, https:\/\/coolants-germany.de\/wp-content\/uploads\/2023\/07\/E.COOLINE_Funktionsgrafik_3D_COOL_SX3_2019-1536x1424.png 1536w, https:\/\/coolants-germany.de\/wp-content\/uploads\/2023\/07\/E.COOLINE_Funktionsgrafik_3D_COOL_SX3_2019-2048x1898.png 2048w, https:\/\/coolants-germany.de\/wp-content\/uploads\/2023\/07\/E.COOLINE_Funktionsgrafik_3D_COOL_SX3_2019-13x12.png 13w, https:\/\/coolants-germany.de\/wp-content\/uploads\/2023\/07\/E.COOLINE_Funktionsgrafik_3D_COOL_SX3_2019-60x56.png 60w, https:\/\/coolants-germany.de\/wp-content\/uploads\/2023\/07\/E.COOLINE_Funktionsgrafik_3D_COOL_SX3_2019-110x102.png 110w\" sizes=\"(max-width: 546px) 100vw, 546px\" \/><\/p>\n<div class=\"widget widget-text widget-none\">\n<div class=\"widget-inner bg-appearance\">\n<h4><\/h4>\n<h4 style=\"text-align: left;\"><strong>So aktivieren Sie die k\u00fchlenden E.COOLINE Funktionstextilien<\/strong><\/h4>\n<\/div>\n<\/div>\n<div class=\"widget widget-text widget-none mb-4\" style=\"text-align: left;\">\n<div class=\"widget-inner bg-appearance\">\n<p>Die E.COOLINE K\u00fchlfunktionskleidung, k\u00fchlende Decken und k\u00fchlende T\u00fccher einfach unter dem Wasserhahn mit ca. 0,75 Liter Leitungswasser aktivieren, abtrocknen und anziehen. Die K\u00fchltextilien sind innerhalb von Sekunden trocken und einsatzbereit &#8211; immer und \u00fcberall. Sie sorgen bis zu 10 Stunden f\u00fcr eine schnelle und einfache Abk\u00fchlung bei Hitze. Eine externe, umweltbelastende Energiequelle wird nicht ben\u00f6tigt. Deshalb &#8211; und weil sie klimaneutral produziert wurden \u2013 machen die K\u00fchltextilien auch in Sachen Nachhaltigkeit gute Laune.<\/p>\n<p><strong>Bitte beachten Sie auch die dem Produkt beiliegende Anleitung.<\/strong><\/p>\n<p>&nbsp;<\/p>\n<\/div>\n<\/div>\n<p><img decoding=\"async\" class=\"wp-image-2404 aligncenter\" src=\"http:\/\/coolants-germany.de\/wp-content\/uploads\/2023\/07\/Bildschirmfoto-2023-07-06-um-09.06.51-300x119.webp\" alt=\"Aktivierungsanleitung K\u00fchlkleidung - Cool Ants Germany\" width=\"1084\" height=\"430\" srcset=\"https:\/\/coolants-germany.de\/wp-content\/uploads\/2023\/07\/Bildschirmfoto-2023-07-06-um-09.06.51-300x119.webp 300w, https:\/\/coolants-germany.de\/wp-content\/uploads\/2023\/07\/Bildschirmfoto-2023-07-06-um-09.06.51-jpeg-600x238.webp 600w, https:\/\/coolants-germany.de\/wp-content\/uploads\/2023\/07\/Bildschirmfoto-2023-07-06-um-09.06.51-1024x406.webp 1024w, https:\/\/coolants-germany.de\/wp-content\/uploads\/2023\/07\/Bildschirmfoto-2023-07-06-um-09.06.51-768x305.webp 768w, https:\/\/coolants-germany.de\/wp-content\/uploads\/2023\/07\/Bildschirmfoto-2023-07-06-um-09.06.51-1536x609.webp 1536w, https:\/\/coolants-germany.de\/wp-content\/uploads\/2023\/07\/Bildschirmfoto-2023-07-06-um-09.06.51-2048x812.webp 2048w, https:\/\/coolants-germany.de\/wp-content\/uploads\/2023\/07\/Bildschirmfoto-2023-07-06-um-09.06.51-18x7.webp 18w, https:\/\/coolants-germany.de\/wp-content\/uploads\/2023\/07\/Bildschirmfoto-2023-07-06-um-09.06.51-60x24.webp 60w, https:\/\/coolants-germany.de\/wp-content\/uploads\/2023\/07\/Bildschirmfoto-2023-07-06-um-09.06.51-110x44.webp 110w\" sizes=\"(max-width: 1084px) 100vw, 1084px\" \/><\/p>","protected":false},"excerpt":{"rendered":"<p><strong>E.COOLINE Powercool SX3 BaseCap <\/strong>\u2013 <span class=\"color-primary\">Unsere k\u00fchlenden Kopfbedeckungen sorgen im Sommer schnell und effektiv f\u00fcr Abk\u00fchlung. Sie behalten trotz Hitze einen k\u00fchlen Kopf, k\u00f6nnen sich besser konzentrieren und bleiben leistungsf\u00e4hig . Sch\u00fctzen Sie Ihre Gesundheit mit den coolen Caps von E.COOLINE!<\/span><\/p>\n<div class=\"elementor-element elementor-element-08d60cc elementor-widget elementor-widget-woocommerce-product-short-description\" data-id=\"08d60cc\" data-element_type=\"widget\" data-widget_type=\"woocommerce-product-short-description.default\">\n<div class=\"elementor-widget-container\">\n<div class=\"woocommerce-product-details__short-description\">\n<div class=\"elementor-element elementor-element-08d60cc elementor-widget elementor-widget-woocommerce-product-short-description\" data-id=\"08d60cc\" data-element_type=\"widget\" data-widget_type=\"woocommerce-product-short-description.default\">\n<div class=\"elementor-widget-container\">\n<div class=\"woocommerce-product-details__short-description\">\n<p class=\"h4\"><strong>Diese Vorteile bekommen Sie nur bei E.COOLINE:<\/strong><\/p>\n<ul class=\"list-unstyled\">\n<li><i class=\"fa fa-check mr-1\" aria-hidden=\"true\"><\/i><a class=\"d-inline-block\">Leistungsstarke 3D-K\u00fchlung mit 660 Watt<\/a><\/li>\n<li><i class=\"fa fa-check mr-1\" aria-hidden=\"true\"><\/i><a class=\"d-inline-block\">K\u00fchlwirkung best\u00e4tigt durch HOHENSTEIN<\/a><\/li>\n<li><i class=\"fa fa-check mr-1\" aria-hidden=\"true\"><\/i><a class=\"d-inline-block\">Schnellste Aktivierung \u2013 spart Zeit und Aufwand<\/a><\/li>\n<li><i class=\"fa fa-check mr-1\" aria-hidden=\"true\"><\/i><a class=\"d-inline-block\">Sofort trockene, angenehme Oberfl\u00e4che<\/a><\/li>\n<li><i class=\"fa fa-check mr-1\" aria-hidden=\"true\"><\/i><a class=\"d-inline-block\">Nierenfreie K\u00fchlung und von \u00c4rzten empfohlen<\/a><\/li>\n<li><i class=\"fa fa-check mr-1\" aria-hidden=\"true\"><\/i><a class=\"d-inline-block\">Leicht, atmungsaktiv, schwei\u00dfaufnehmend und antibakteriell<\/a><\/li>\n<li><i class=\"fa fa-check mr-1\" aria-hidden=\"true\"><\/i><a class=\"d-inline-block\">Klimafreundlich, patentiert und Made in Germany<\/a><\/li>\n<\/ul>\n<p>&nbsp;<\/p>\n<\/div>\n<\/div>\n<\/div>\n<\/div>\n<\/div>\n<\/div>","protected":false},"featured_media":2298,"template":"","meta":[],"product_brand":[],"product_cat":[27,97],"product_tag":[],"class_list":{"0":"post-2284","1":"product","2":"type-product","3":"status-publish","4":"has-post-thumbnail","6":"product_cat-kuehlbekleidung","7":"product_cat-kopfkuehlung","8":"product_shipping_class-kuehlbekleidung","10":"first","11":"instock","12":"taxable","13":"shipping-taxable","14":"purchasable","15":"product-type-variable","16":"has-default-attributes"},"_links":{"self":[{"href":"https:\/\/coolants-germany.de\/en\/wp-json\/wp\/v2\/product\/2284","targetHints":{"allow":["GET"]}}],"collection":[{"href":"https:\/\/coolants-germany.de\/en\/wp-json\/wp\/v2\/product"}],"about":[{"href":"https:\/\/coolants-germany.de\/en\/wp-json\/wp\/v2\/types\/product"}],"wp:featuredmedia":[{"embeddable":true,"href":"https:\/\/coolants-germany.de\/en\/wp-json\/wp\/v2\/media\/2298"}],"wp:attachment":[{"href":"https:\/\/coolants-germany.de\/en\/wp-json\/wp\/v2\/media?parent=2284"}],"wp:term":[{"taxonomy":"product_brand","embeddable":true,"href":"https:\/\/coolants-germany.de\/en\/wp-json\/wp\/v2\/product_brand?post=2284"},{"taxonomy":"product_cat","embeddable":true,"href":"https:\/\/coolants-germany.de\/en\/wp-json\/wp\/v2\/product_cat?post=2284"},{"taxonomy":"product_tag","embeddable":true,"href":"https:\/\/coolants-germany.de\/en\/wp-json\/wp\/v2\/product_tag?post=2284"}],"curies":[{"name":"wp","href":"https:\/\/api.w.org\/{rel}","templated":true}]}}