{"id":1951,"date":"2023-06-24T15:55:10","date_gmt":"2023-06-24T15:55:10","guid":{"rendered":"http:\/\/coolants-germany.de\/?post_type=product&#038;p=1951"},"modified":"2026-04-16T12:08:52","modified_gmt":"2026-04-16T12:08:52","slug":"e-cooline-powersignal-weste-sx3-kuehlende-signalweste","status":"publish","type":"product","link":"https:\/\/coolants-germany.de\/en\/product\/e-cooline-powersignal-weste-sx3-kuehlende-signalweste\/","title":{"rendered":"SignalWeste"},"content":{"rendered":"<div class=\"widget widget-text widget-none\">\n<div class=\"widget-inner bg-appearance pt-0 pr-0 pb-0 pl-0\">\n<h3 style=\"text-align: left;\"><b>PowerSignalWeste SX3 \u2013 K\u00fchlwesten f\u00fcr das Arbeiten im Freien bei Hitze<\/b><\/h3>\n<p style=\"text-align: left;\">Die E.COOLINE PowerSignal Weste SX3 sorgt durch aktive K\u00fchlung daf\u00fcr, dass Sie beim Arbeiten im Freien bei Hitze cool bleiben. Die Weste schwitzt f\u00fcr Sie und verhindert so den Energieverlust durch starkes Schwitzen.<\/p>\n<p style=\"text-align: left;\">Damit geh\u00f6ren Ersch\u00f6pfung sowie Konzentrations- und Leistungsprobleme &#8211; einschlie\u00dflich aller damit verbundenen Gefahren f\u00fcr Gesundheit und Sicherheit \u2013 weitestgehend der Vergangenheit an.<\/p>\n<p style=\"text-align: left;\">Die k\u00f6rpernahe, individuelle K\u00fchlung macht zudem die empfohlene Schutzausr\u00fcstung ertr\u00e4glich, wodurch auch das Hautkrebsrisiko deutlich gesenkt wird. Mit der PowerSignal Weste f\u00fchlen Sie sich sogar bei extremen Bedingungen fit und leistungsf\u00e4hig und k\u00f6nnen nach getaner Arbeit auch noch Ihren Feierabend genie\u00dfen.<\/p>\n<p style=\"text-align: left;\">Die aktiv k\u00fchlende Weste, die Sie bei Hitze am Arbeitsplatz einfach wie eine \u201eKlimaanlage zum Anziehen\u201c fast \u00fcberall einsetzen k\u00f6nnen, ist in Sekunden einsatzbereit.<\/p>\n<p style=\"text-align: left;\">Das leichte, geschmeidige Material verleiht der K\u00fchlweste eine angenehme Passform und bietet einen hervorragenden Tragekomfort! Die Klettverschl\u00fcsse an der Vorderseite erleichtern das schnelle An- und Ausziehen.<\/p>\n<p style=\"text-align: left;\">Die PowerSignal Weste SX3 mit aktueller EN ISO 20471 Zertifizierung ist damit der der perfekte Hitze- und UV- Schutz f\u00fcr das Arbeiten am Bau und wird deshalb von der BG Bau f\u00fcr Mitgliedsunternehmen mit einem Zuschuss von bis zu 50% gef\u00f6rdert.<\/p>\n<p style=\"text-align: left;\"><b>Material: <\/b>Obermaterial: 100% Polyester; Mesh-Material: 82% Polyester \/18% Elasthan; F\u00fcllung: 100% COOLINE Polyester<\/p>\n<p style=\"text-align: left;\">Mit der E.COOLINE PowerSignal Weste SX3 k\u00fchlen Sie sich <b>klimaneutral<\/b>\u00a0mit einer <b>Technologie &#8222;Made in Germany&#8220;<\/b>.<\/p>\n<p>&nbsp;<\/p>\n<\/div>\n<\/div>\n<div class=\"widget widget-text widget-none\">\n<table border=\"0\" width=\"192\" cellspacing=\"2\" cellpadding=\"2\">\n<tbody>\n<tr>\n<td align=\"center\">Gr\u00f6\u00dfe<\/td>\n<td align=\"right\">\u00a0Weite\/Brustumfang<\/td>\n<\/tr>\n<tr>\n<td align=\"center\">M<\/td>\n<td align=\"right\">\u00a097 &#8211; 103 cm<\/td>\n<\/tr>\n<tr>\n<td align=\"center\">\u00a0L<\/td>\n<td align=\"right\">\u00a0103 &#8211; 109 cm<\/td>\n<\/tr>\n<tr>\n<td align=\"center\">\u00a0XL<\/td>\n<td align=\"right\">\u00a0109 &#8211; 116 cm<\/td>\n<\/tr>\n<tr>\n<td align=\"center\">\u00a0XXL<\/td>\n<td align=\"right\">\u00a0116 &#8211; 124 cm<\/td>\n<\/tr>\n<tr>\n<td align=\"center\">\u00a03XL<\/td>\n<td align=\"right\">\u00a0124 &#8211; 132 cm<\/td>\n<\/tr>\n<tr>\n<td align=\"center\">\u00a04XL<\/td>\n<td align=\"right\">\u00a0132 &#8211; 138 cm<\/td>\n<\/tr>\n<tr>\n<td align=\"center\">\u00a05XL<\/td>\n<td align=\"right\">\u00a0139 &#8211; 150 cm<\/td>\n<\/tr>\n<\/tbody>\n<\/table>\n<p>&nbsp;<\/p>\n<p><img decoding=\"async\" class=\"alignleft\" src=\"https:\/\/shop.e-cooline.de\/images\/gallery\/Logos\/Waschsymbole_2015.jpg\" alt=\"\" \/><\/p>\n<\/div>\n<p>&nbsp;<\/p>\n<div class=\"widget widget-text widget-none\">\n<p>&nbsp;<\/p>\n<p style=\"text-align: left;\"><b>E.COOLINE K\u00fchlkleidung<\/b> ist \u00a0\u2013 im Gegensatz zu den meisten anderen K\u00fchlfunktionstextilien \u2013 <b>waschbar<\/b>.<\/p>\n<p style=\"text-align: left;\">Alle unsere Artikel sind <b>per Handw\u00e4sche<\/b> oder im <b>Wollwaschgang ohne Schleuderfunktion<\/b> bei 30\u00b0C mit dem f\u00fcr E.COOLINE K\u00fchlfunktionstextilien entwickelten <a href=\"http:\/\/coolants-germany.de\/en\/product\/deoxx-eco-wash-spezialwaschmittel\/\">Spezialwaschmittel DEOXX<sup>\u00ae<\/sup> ecowash<\/a>\u00a0(alternativ: TOKO<sup>\u00ae<\/sup>\u00a0ecowash) waschbar. Auch viele andere handels\u00fcbliche ph-neutrale Fl\u00fcssigwaschmittel sind geeignet, wobei wir aufgrund der unterschiedlichen chemischen Zusammensetzungen hierf\u00fcr keine Garantie geben k\u00f6nnen.<\/p>\n<p style=\"text-align: left;\">Bitte beachten Sie die dem Produkt beiliegende Anleitung.<\/p>\n<p>&nbsp;<\/p>\n<\/div>\n<div class=\"widget widget-text widget-none\">\n<div class=\"widget widget-text widget-none\">\n<div class=\"widget-inner bg-appearance\">\n<h4 style=\"text-align: left;\"><strong>Die COOLINE SX3 Technologie<\/strong><\/h4>\n<\/div>\n<\/div>\n<div class=\"widget widget-text widget-none\">\n<div class=\"widget-inner bg-appearance\" style=\"text-align: left;\">\n<p>Die geniale COOLINE SX3-Technologie, die in E.COOLINE steckt, sorgt mit smarten Fasern f\u00fcr bis zu 660 Watt K\u00fchlenergie. So erzielt man effektive K\u00fchltemperaturen von bis zu 12\u00b0C und spart dabei auch noch bis zu 97% CO2 im Vergleich zu Klimaanlagen. Das ist nicht nur cool, sondern auch umweltfreundlich.<\/p>\n<p>Der gro\u00dfe Vorteil von COOLINE SX3: Jeder k\u00fchlt sich ganz individuell. Durch die patentierte Technologie und die DEOXXfresh Ausr\u00fcstung sorgen die waschbaren Decken mit der <strong>Technologie \u201aMade in Germany\u2018<\/strong> in jeder Situation f\u00fcr angenehme trockene K\u00fchlung und das perfekte Frischegef\u00fchl.<\/p>\n<\/div>\n<p style=\"text-align: left;\">\n<\/div>\n<p style=\"text-align: left;\"><img fetchpriority=\"high\" decoding=\"async\" class=\"wp-image-2396 aligncenter\" src=\"http:\/\/coolants-germany.de\/wp-content\/uploads\/2023\/07\/E.COOLINE_Funktionsgrafik_3D_COOL_SX3_2019-300x278.png\" alt=\"\" width=\"546\" height=\"506\" srcset=\"https:\/\/coolants-germany.de\/wp-content\/uploads\/2023\/07\/E.COOLINE_Funktionsgrafik_3D_COOL_SX3_2019-300x278.png 300w, https:\/\/coolants-germany.de\/wp-content\/uploads\/2023\/07\/E.COOLINE_Funktionsgrafik_3D_COOL_SX3_2019-600x556.png 600w, https:\/\/coolants-germany.de\/wp-content\/uploads\/2023\/07\/E.COOLINE_Funktionsgrafik_3D_COOL_SX3_2019-1024x949.png 1024w, https:\/\/coolants-germany.de\/wp-content\/uploads\/2023\/07\/E.COOLINE_Funktionsgrafik_3D_COOL_SX3_2019-768x712.png 768w, https:\/\/coolants-germany.de\/wp-content\/uploads\/2023\/07\/E.COOLINE_Funktionsgrafik_3D_COOL_SX3_2019-1536x1424.png 1536w, https:\/\/coolants-germany.de\/wp-content\/uploads\/2023\/07\/E.COOLINE_Funktionsgrafik_3D_COOL_SX3_2019-2048x1898.png 2048w, https:\/\/coolants-germany.de\/wp-content\/uploads\/2023\/07\/E.COOLINE_Funktionsgrafik_3D_COOL_SX3_2019-13x12.png 13w, https:\/\/coolants-germany.de\/wp-content\/uploads\/2023\/07\/E.COOLINE_Funktionsgrafik_3D_COOL_SX3_2019-60x56.png 60w, https:\/\/coolants-germany.de\/wp-content\/uploads\/2023\/07\/E.COOLINE_Funktionsgrafik_3D_COOL_SX3_2019-110x102.png 110w\" sizes=\"(max-width: 546px) 100vw, 546px\" \/><\/p>\n<div class=\"widget widget-text widget-none\">\n<div class=\"widget-inner bg-appearance\">\n<h4><\/h4>\n<h4 style=\"text-align: left;\"><strong>So aktivieren Sie die k\u00fchlenden E.COOLINE Funktionstextilien<\/strong><\/h4>\n<\/div>\n<\/div>\n<div class=\"widget widget-text widget-none mb-4\" style=\"text-align: left;\">\n<div class=\"widget-inner bg-appearance\">\n<p>Die E.COOLINE K\u00fchlfunktionskleidung, k\u00fchlende Decken und k\u00fchlende T\u00fccher einfach unter dem Wasserhahn mit ca. 0,75 Liter Leitungswasser aktivieren, abtrocknen und anziehen. Die K\u00fchltextilien sind innerhalb von Sekunden trocken und einsatzbereit &#8211; immer und \u00fcberall. Sie sorgen bis zu 10 Stunden f\u00fcr eine schnelle und einfache Abk\u00fchlung bei Hitze. Eine externe, umweltbelastende Energiequelle wird nicht ben\u00f6tigt. Deshalb &#8211; und weil sie klimaneutral produziert wurden \u2013 machen die K\u00fchltextilien auch in Sachen Nachhaltigkeit gute Laune.<\/p>\n<p><strong>Bitte beachten Sie auch die dem Produkt beiliegende Anleitung.<\/strong><\/p>\n<p>&nbsp;<\/p>\n<\/div>\n<\/div>\n<p><img decoding=\"async\" class=\"wp-image-2404 aligncenter\" src=\"http:\/\/coolants-germany.de\/wp-content\/uploads\/2023\/07\/Bildschirmfoto-2023-07-06-um-09.06.51-300x119.webp\" alt=\"Aktivierungsanleitung K\u00fchlkleidung - Cool Ants Germany\" width=\"1084\" height=\"430\" srcset=\"https:\/\/coolants-germany.de\/wp-content\/uploads\/2023\/07\/Bildschirmfoto-2023-07-06-um-09.06.51-300x119.webp 300w, https:\/\/coolants-germany.de\/wp-content\/uploads\/2023\/07\/Bildschirmfoto-2023-07-06-um-09.06.51-jpeg-600x238.webp 600w, https:\/\/coolants-germany.de\/wp-content\/uploads\/2023\/07\/Bildschirmfoto-2023-07-06-um-09.06.51-1024x406.webp 1024w, https:\/\/coolants-germany.de\/wp-content\/uploads\/2023\/07\/Bildschirmfoto-2023-07-06-um-09.06.51-768x305.webp 768w, https:\/\/coolants-germany.de\/wp-content\/uploads\/2023\/07\/Bildschirmfoto-2023-07-06-um-09.06.51-1536x609.webp 1536w, https:\/\/coolants-germany.de\/wp-content\/uploads\/2023\/07\/Bildschirmfoto-2023-07-06-um-09.06.51-2048x812.webp 2048w, https:\/\/coolants-germany.de\/wp-content\/uploads\/2023\/07\/Bildschirmfoto-2023-07-06-um-09.06.51-18x7.webp 18w, https:\/\/coolants-germany.de\/wp-content\/uploads\/2023\/07\/Bildschirmfoto-2023-07-06-um-09.06.51-60x24.webp 60w, https:\/\/coolants-germany.de\/wp-content\/uploads\/2023\/07\/Bildschirmfoto-2023-07-06-um-09.06.51-110x44.webp 110w\" sizes=\"(max-width: 1084px) 100vw, 1084px\" \/><\/p>\n<\/div>","protected":false},"excerpt":{"rendered":"<p><strong>E.COOLINE PowerSignalWeste SX3<\/strong> &#8211; <span class=\"color-primary\">E.COOLINE K\u00fchlwesten sorgen im Sommer f\u00fcr sofortige Abk\u00fchlung. Die Klimawesten bleiben gesund und leistungsf\u00e4hig. Indoor &amp; Outdoor. Selbst bei extremer Hitze f\u00fchlen Sie sich angenehm k\u00fchl und erfrischt. Genie\u00dfen Sie jetzt den Sommer mit K\u00fchlweste!<\/span><\/p>\n<p class=\"h4\"><strong>Diese Vorteile bekommen Sie nur bei E.COOLINE<\/strong><\/p>\n<ul class=\"list-unstyled\">\n<li><i class=\"fa fa-check mr-1\" aria-hidden=\"true\"><\/i> <a class=\"d-inline-block\">Leistungsstarke 3D-K\u00fchlung mit 660 Watt<\/a><\/li>\n<li><i class=\"fa fa-check mr-1\" aria-hidden=\"true\"><\/i> <a class=\"d-inline-block\">K\u00fchlwirkung best\u00e4tigt durch HOHENSTEIN<\/a><\/li>\n<li><i class=\"fa fa-check mr-1\" aria-hidden=\"true\"><\/i> <a class=\"d-inline-block\">Schnellste Aktivierung \u2013 spart Zeit und Aufwand<\/a><\/li>\n<li><i class=\"fa fa-check mr-1\" aria-hidden=\"true\"><\/i> <a class=\"d-inline-block\">Sofort trockene, angenehme Oberfl\u00e4che<\/a><\/li>\n<li><i class=\"fa fa-check mr-1\" aria-hidden=\"true\"><\/i> <a class=\"d-inline-block\">Nierenfreie K\u00fchlung und von \u00c4rzten empfohlen<\/a><\/li>\n<li><i class=\"fa fa-check mr-1\" aria-hidden=\"true\"><\/i> <a class=\"d-inline-block\">Leicht, atmungsaktiv, schwei\u00dfaufnehmend und antibakteriell<\/a><\/li>\n<li><i class=\"fa fa-check mr-1\" aria-hidden=\"true\"><\/i> <a class=\"d-inline-block\">Klimafreundlich, patentiert und Made in Germany<\/a><\/li>\n<\/ul>","protected":false},"featured_media":1994,"template":"","meta":[],"product_brand":[],"product_cat":[27,95],"product_tag":[],"class_list":{"0":"post-1951","1":"product","2":"type-product","3":"status-publish","4":"has-post-thumbnail","6":"product_cat-kuehlbekleidung","7":"product_cat-kuehlwesten","8":"product_shipping_class-kuehlbekleidung","10":"first","11":"instock","12":"taxable","13":"shipping-taxable","14":"purchasable","15":"product-type-variable","16":"has-default-attributes"},"_links":{"self":[{"href":"https:\/\/coolants-germany.de\/en\/wp-json\/wp\/v2\/product\/1951","targetHints":{"allow":["GET"]}}],"collection":[{"href":"https:\/\/coolants-germany.de\/en\/wp-json\/wp\/v2\/product"}],"about":[{"href":"https:\/\/coolants-germany.de\/en\/wp-json\/wp\/v2\/types\/product"}],"wp:featuredmedia":[{"embeddable":true,"href":"https:\/\/coolants-germany.de\/en\/wp-json\/wp\/v2\/media\/1994"}],"wp:attachment":[{"href":"https:\/\/coolants-germany.de\/en\/wp-json\/wp\/v2\/media?parent=1951"}],"wp:term":[{"taxonomy":"product_brand","embeddable":true,"href":"https:\/\/coolants-germany.de\/en\/wp-json\/wp\/v2\/product_brand?post=1951"},{"taxonomy":"product_cat","embeddable":true,"href":"https:\/\/coolants-germany.de\/en\/wp-json\/wp\/v2\/product_cat?post=1951"},{"taxonomy":"product_tag","embeddable":true,"href":"https:\/\/coolants-germany.de\/en\/wp-json\/wp\/v2\/product_tag?post=1951"}],"curies":[{"name":"wp","href":"https:\/\/api.w.org\/{rel}","templated":true}]}}