{"id":1781,"date":"2023-07-06T12:42:15","date_gmt":"2023-07-06T12:42:15","guid":{"rendered":"http:\/\/coolants-germany.de\/?post_type=product&#038;p=1781"},"modified":"2026-04-16T11:56:51","modified_gmt":"2026-04-16T11:56:51","slug":"climatecoating-farbfaecher","status":"publish","type":"product","link":"https:\/\/coolants-germany.de\/en\/product\/climatecoating-farbfaecher\/","title":{"rendered":"Color fan deck"},"content":{"rendered":"<p style=\"text-align: left;\">Rot, Gelb, Blau oder Gr\u00fcn, Pastell oder intensiv, hell oder dunkel, es ist nicht immer einfach, sich zu entscheiden. Mit dem Farbf\u00e4cher k\u00f6nnen Sie Ihrer Kreativit\u00e4t freien Lauf lassen. Auf 181 Seiten und 1.029 systematisch angeordneten Farbt\u00f6nen suchen Sie sich ganz bequem Ihre Wunschfarbe aus. Anschlie\u00dfend geben Sie den gew\u00fcnschten Farbcode bei Ihrer Bestellung auf unserer Webseite an. Wir speichern diesen dann in unseren Mischcomputern mikrogrammgenau ab. So haben Sie jederzeit die M\u00f6glichkeit, Ihren pers\u00f6nlichen Wunschfarbton nachzubestellen.<\/p>\n<p style=\"text-align: left;\">Der Artikelpreis ist eine Schutzgeb\u00fchr, die wir Ihnen erstatten, wenn Sie den Farbf\u00e4cher innerhalb von 90 Tagen an uns zur\u00fccksenden. Die Zusendung erfolgt f\u00fcr Sie versandkostenfrei. Die Kosten f\u00fcr den R\u00fcckversand tr\u00e4gt der K\u00e4ufer selbst.<\/p>","protected":false},"excerpt":{"rendered":"<p>Select your desired color from the current ClimateCoating color chart, which you can order here. All colors are mixed by the manufacturer. Colors from other color charts such as RAL etc. can also be ordered. <a href=\"http:\/\/coolants-germany.de\/en\/ueber-uns\/kontakt\/\">Talk to us!<\/a><\/p>","protected":false},"featured_media":1782,"template":"","meta":[],"product_brand":[],"product_cat":[152],"product_tag":[],"class_list":{"0":"post-1781","1":"product","2":"type-product","3":"status-publish","4":"has-post-thumbnail","6":"product_cat-farbfaecher","7":"product_shipping_class-farbfaecher","9":"first","10":"instock","11":"sold-individually","12":"taxable","13":"shipping-taxable","14":"purchasable","15":"product-type-simple"},"_links":{"self":[{"href":"https:\/\/coolants-germany.de\/en\/wp-json\/wp\/v2\/product\/1781","targetHints":{"allow":["GET"]}}],"collection":[{"href":"https:\/\/coolants-germany.de\/en\/wp-json\/wp\/v2\/product"}],"about":[{"href":"https:\/\/coolants-germany.de\/en\/wp-json\/wp\/v2\/types\/product"}],"wp:featuredmedia":[{"embeddable":true,"href":"https:\/\/coolants-germany.de\/en\/wp-json\/wp\/v2\/media\/1782"}],"wp:attachment":[{"href":"https:\/\/coolants-germany.de\/en\/wp-json\/wp\/v2\/media?parent=1781"}],"wp:term":[{"taxonomy":"product_brand","embeddable":true,"href":"https:\/\/coolants-germany.de\/en\/wp-json\/wp\/v2\/product_brand?post=1781"},{"taxonomy":"product_cat","embeddable":true,"href":"https:\/\/coolants-germany.de\/en\/wp-json\/wp\/v2\/product_cat?post=1781"},{"taxonomy":"product_tag","embeddable":true,"href":"https:\/\/coolants-germany.de\/en\/wp-json\/wp\/v2\/product_tag?post=1781"}],"curies":[{"name":"wp","href":"https:\/\/api.w.org\/{rel}","templated":true}]}}