{"id":1761,"date":"2023-07-06T12:39:26","date_gmt":"2023-07-06T12:39:26","guid":{"rendered":"http:\/\/coolants-germany.de\/?post_type=product&#038;p=1761"},"modified":"2026-04-16T12:06:01","modified_gmt":"2026-04-16T12:06:01","slug":"thermoprotect","status":"publish","type":"product","link":"https:\/\/coolants-germany.de\/en\/product\/thermoprotect\/","title":{"rendered":"ThermoProtect facade coating"},"content":{"rendered":"<p style=\"text-align: left;\"><strong>Long-lasting facade protection with an energy-saving effect<\/strong><\/p>\n<p style=\"text-align: left;\">Die anwendungsfertige Fassadenbeschichtung sch\u00fctzt vor Verwitterung, Algen-, Moos- und Pilzbewuchs und verbessert die ganzj\u00e4hrige Energiebilanz des Geb\u00e4udes. ThermoProtect ist eine Fassadenfarbe und hochwertige Dispersion, die die Fassade trocken h\u00e4lt, feuchte- und temperaturregulierend wirkt und \u00fcberdurchschnittlich robust und langlebig ist.<\/p>\n<p style=\"text-align: left;\">Alle Beschichtungen von ClimateCoating<sup>\u00ae<\/sup> basieren auf der reflektiven Membrantechnologie und wirken rein physikalisch. Die umweltfreundlichen und leistungsstarken Anstrichstoffe \u00fcberzeugen Anwender weltweit seit 2003 durch ihre besonderen Eigenschaften und hohe Wirtschaftlichkeit.<\/p>\n<p style=\"text-align: left;\">Die anwendungsfertige Fassadenbeschichtung ThermoProtect besitzt feuchte- und temperaturregulierende Eigenschaften. Sie verringert die Algenbildung und senkt den Energieverbrauch. Durch die einzigartige Synthese einer Polyacrylat-Dispersion mit Keramikhohlk\u00fcgelchen und Aktivatoren entsteht nach dem Auftragen eine reflektive Membran, die f\u00fcr eine \u00fcberdurchschnittlich lange intakte, trockene und verwitterungsfreie Fassade sorgt.<\/p>\n<p style=\"text-align: left;\"><strong>Entfeuchtung<\/strong><br \/>\nDiese Membran wirkt als Barriere, die das Mauerwerk vor dem Eindringen von Niederschlags- und Kondenswasser sch\u00fctzt. Gleichzeitig wird durch die Kapillarwirkung das Mauerwerk entfeuchtet. Ein trockenes Mauerwerk d\u00e4mmt deutlich besser als ein feuchtes! Der Verlust von Transmissionsw\u00e4rme wird reduziert. Das trockene Mauerwerk nimmt im Winter solare Eintr\u00e4ge der tief stehenden Sonne effektiver auf und verbessert dadurch die Energiebilanz eines Geb\u00e4udes.<\/p>\n<p style=\"text-align: left;\"><strong>Temperaturregulierung<\/strong><br \/>\nIm Sommer werden die Au\u00dfenw\u00e4nde durch kurzwellige Sonnenlichtreflexion und durch gerichtete Verdunstungsvorg\u00e4nge gek\u00fchlt. Das reduziert K\u00fchllasten und damit die Energiekosten. Gleichzeitig werden die Au\u00dfenw\u00e4nde trocken gehalten, was der Entstehung von Algenbewuchs, insbesondere bei ged\u00e4mmten Fassaden, entgegenwirkt.<br \/>\nBei der Anwendung in hei\u00dfen Klimazonen werden die W\u00e4rmetransporte von au\u00dfen nach innen reduziert.<\/p>\n<p>Sie m\u00f6chten gr\u00f6\u00dfere Mengen bestellen? Nehmen Sie <a href=\"http:\/\/coolants-germany.de\/en\/ueber-uns\/kontakt\/\"><strong>Contact<\/strong><\/a> mit uns auf!<\/p>\n<p>&nbsp;<\/p>\n<p style=\"text-align: left;\"><a href=\"https:\/\/coolants-germany.de\/wp-content\/uploads\/2024\/10\/05-ThermoActive_Folder-EN.pdf\" target=\"_blank\" rel=\"noopener\"><strong>&gt; Auf einen Blick &#8211; ThermoProtect Fassadenbeschichtung<\/strong><\/a><\/p>","protected":false},"excerpt":{"rendered":"<p><strong>Long-lasting facade protection with an energy-saving effect <\/strong>\u2013 The ready-to-use facade coating protects against weathering, algae, moss and fungal growth and improves the year-round energy balance of the building.<\/p>\n<p>&nbsp;<\/p>","protected":false},"featured_media":1779,"template":"","meta":[],"product_brand":[],"product_cat":[19],"product_tag":[81,82,83],"class_list":{"0":"post-1761","1":"product","2":"type-product","3":"status-publish","4":"has-post-thumbnail","6":"product_cat-klimafarbe","7":"product_tag-klimafarbe","8":"product_tag-klimabeschichtung","9":"product_tag-hitzeschutz","10":"product_shipping_class-farben","12":"first","13":"instock","14":"taxable","15":"shipping-taxable","16":"purchasable","17":"product-type-variable","18":"has-default-attributes"},"_links":{"self":[{"href":"https:\/\/coolants-germany.de\/en\/wp-json\/wp\/v2\/product\/1761","targetHints":{"allow":["GET"]}}],"collection":[{"href":"https:\/\/coolants-germany.de\/en\/wp-json\/wp\/v2\/product"}],"about":[{"href":"https:\/\/coolants-germany.de\/en\/wp-json\/wp\/v2\/types\/product"}],"wp:featuredmedia":[{"embeddable":true,"href":"https:\/\/coolants-germany.de\/en\/wp-json\/wp\/v2\/media\/1779"}],"wp:attachment":[{"href":"https:\/\/coolants-germany.de\/en\/wp-json\/wp\/v2\/media?parent=1761"}],"wp:term":[{"taxonomy":"product_brand","embeddable":true,"href":"https:\/\/coolants-germany.de\/en\/wp-json\/wp\/v2\/product_brand?post=1761"},{"taxonomy":"product_cat","embeddable":true,"href":"https:\/\/coolants-germany.de\/en\/wp-json\/wp\/v2\/product_cat?post=1761"},{"taxonomy":"product_tag","embeddable":true,"href":"https:\/\/coolants-germany.de\/en\/wp-json\/wp\/v2\/product_tag?post=1761"}],"curies":[{"name":"wp","href":"https:\/\/api.w.org\/{rel}","templated":true}]}}