{"id":1747,"date":"2023-07-06T12:37:32","date_gmt":"2023-07-06T12:37:32","guid":{"rendered":"http:\/\/coolants-germany.de\/?post_type=product&#038;p=1747"},"modified":"2026-04-16T12:06:03","modified_gmt":"2026-04-16T12:06:03","slug":"lumen","status":"publish","type":"product","link":"https:\/\/coolants-germany.de\/en\/product\/lumen\/","title":{"rendered":"Lumen inside coating"},"content":{"rendered":"<p style=\"text-align: left;\"><strong>Excellent light reflection and ideal room climate<\/strong><\/p>\n<p style=\"text-align: left;\">Lumen ist der Lichtverst\u00e4rker f\u00fcr Innen. Die hochwirksame Beschichtung sorgt f\u00fcr eine bessere Helligkeitsbalance und eine st\u00e4rkere Lichtausbeute in R\u00e4umen, auch bei dunklen Farbt\u00f6nen. Die Akustik wird positiv beeinflusst.<\/p>\n<p style=\"text-align: left;\">Alle Beschichtungen bzw. Farben von ClimateCoating<sup>\u00ae<\/sup> basieren auf der reflektiven Membrantechnologie und wirken rein physikalisch. Die umweltfreundlichen und leistungsstarken Anstrichstoffe \u00fcberzeugen Anwender weltweit seit 2003 durch ihre besonderen Eigenschaften und hohe Wirtschaftlichkeit.<\/p>\n<p style=\"text-align: left;\"><strong>Lichtverst\u00e4rker f\u00fcr Innen<\/strong><\/p>\n<p style=\"text-align: left;\">Unabh\u00e4ngige Untersuchungen zeigen, dass der tats\u00e4chlich gemessene diffuse Reflexionswert von Lumen bei jedem Farbton deutlich h\u00f6her ist, als die in professionellen Lichtberechnungsprogrammen, wie Dialux, verwendeten Standardwerte. Millionen winziger Glaskeramik-Hohlk\u00fcgelchen verbessern den diffusen Reflexionswert von 6 % bei der Farbe Wei\u00df und bis zu 420 % in der Farbe Schwarz.<br \/>\nArchitekten und Gestalter k\u00f6nnen nun auch dunkle Farbt\u00f6ne und Nuancen kreativer einsetzen. Lumen gibt dem zeitgen\u00f6ssischen Interieur buchst\u00e4blich Licht und Farbe.<\/p>\n<p style=\"text-align: left;\">Die Wandfarbe vereint h\u00f6chste Funktionalit\u00e4t, Innovation und Farbvielfalt und<strong> kommt dort zum Einsatz, wo es auf besonders gute Lichtausbeute ankommt:<\/strong> B\u00fcros, Schulen, Pflegeeinrichtungen, Ateliers sowie Werkhallen und Museen. Nat\u00fcrlich auch Zuhause.<\/p>\n<p style=\"text-align: left;\">Sie m\u00f6chten gr\u00f6\u00dfere Mengen bestellen? Nehmen Sie <a href=\"http:\/\/coolants-germany.de\/en\/ueber-uns\/kontakt\/\"><strong>Contact<\/strong><\/a> mit uns auf!<\/p>","protected":false},"excerpt":{"rendered":"<p><strong>Excellent light reflection and ideal room climate<\/strong> \u2013 Lumen is the light amplifier for interiors, in addition to optimizing the indoor climate.<\/p>\n<p>&nbsp;<\/p>","protected":false},"featured_media":1772,"template":"","meta":[],"product_brand":[],"product_cat":[19],"product_tag":[],"class_list":{"0":"post-1747","1":"product","2":"type-product","3":"status-publish","4":"has-post-thumbnail","6":"product_cat-klimafarbe","7":"product_shipping_class-farben","9":"first","10":"instock","11":"taxable","12":"shipping-taxable","13":"purchasable","14":"product-type-variable","15":"has-default-attributes"},"_links":{"self":[{"href":"https:\/\/coolants-germany.de\/en\/wp-json\/wp\/v2\/product\/1747","targetHints":{"allow":["GET"]}}],"collection":[{"href":"https:\/\/coolants-germany.de\/en\/wp-json\/wp\/v2\/product"}],"about":[{"href":"https:\/\/coolants-germany.de\/en\/wp-json\/wp\/v2\/types\/product"}],"wp:featuredmedia":[{"embeddable":true,"href":"https:\/\/coolants-germany.de\/en\/wp-json\/wp\/v2\/media\/1772"}],"wp:attachment":[{"href":"https:\/\/coolants-germany.de\/en\/wp-json\/wp\/v2\/media?parent=1747"}],"wp:term":[{"taxonomy":"product_brand","embeddable":true,"href":"https:\/\/coolants-germany.de\/en\/wp-json\/wp\/v2\/product_brand?post=1747"},{"taxonomy":"product_cat","embeddable":true,"href":"https:\/\/coolants-germany.de\/en\/wp-json\/wp\/v2\/product_cat?post=1747"},{"taxonomy":"product_tag","embeddable":true,"href":"https:\/\/coolants-germany.de\/en\/wp-json\/wp\/v2\/product_tag?post=1747"}],"curies":[{"name":"wp","href":"https:\/\/api.w.org\/{rel}","templated":true}]}}