{"id":1726,"date":"2023-07-06T12:01:44","date_gmt":"2023-07-06T12:01:44","guid":{"rendered":"http:\/\/coolants-germany.de\/?post_type=product&#038;p=1726"},"modified":"2024-04-18T15:02:15","modified_gmt":"2024-04-18T15:02:15","slug":"hitzeschutzstoff-innenrollos","status":"publish","type":"product","link":"https:\/\/coolants-germany.de\/en\/product\/hitzeschutzstoff-innenrollos\/","title":{"rendered":"Hitzeschutzstoff &#8211; Innenrollos"},"content":{"rendered":"<p style=\"text-align: left;\">Unser Rollo-Partner <a href=\"http:\/\/www.rollomeister.de\/hitzeschutzrollo\" target=\"_blank\" rel=\"noopener\">rollomeister.de<\/a> stellt ma\u00dfgeschneiderte Innenrollos in allen Varianten aus unserem Hitzeschutzstoff her. Diese Rollos halten aufgrund ihres hohen Reflexionsverm\u00f6gens nicht nur einen Gro\u00dfteil der eindringenden Hitze ab, sie lassen auch noch ein Grundma\u00df an Licht durch, so dass man endlich auch bei geschlossenem Hitzeschutz am Fenster nicht im Dunkeln sitzt. Leben oder arbeiten bei k\u00fcnstlichem Licht, wenn drau\u00dfen taghell die Sonne scheint, geh\u00f6rt damit der Vergangenheit an.<\/p>\n<p style=\"text-align: left;\">Bestellen Sie direkt online bei <a href=\"http:\/\/www.rollomeister.de\/hitzeschutzrollo\" target=\"_blank\" rel=\"noopener\">rollomeister.de<\/a> Ihre Wunschrollos. Und nicht vergessen: <strong>TP500 also Stoffvariante ausw\u00e4hlen!<\/strong><\/p>\n<p style=\"text-align: left;\">F\u00fcr gr\u00f6\u00dfere Mengen oder spezielle L\u00f6sungen nehmen Sie bitte <a href=\"http:\/\/coolants-germany.de\/en\/ueber-uns\/kontakt\/\">Contact<\/a> mit uns auf.<\/p>","protected":false},"excerpt":{"rendered":"<p>Unser Partner <a href=\"http:\/\/www.rollomeister.de\/hitzeschutzrollo\">rollomeister.de<\/a> stellt ma\u00dfgeschneiderte Innenrollos aus unserem <strong>Hitzeschutzstoff TP500<\/strong> her. <strong>TP500<\/strong> muss am Ende der Online-Konfiguration als Stoffvariante ausgew\u00e4hlt werden, damit unser hochreflektierender Stoff verarbeitet wird.<\/p>\n<p>&nbsp;<\/p>","protected":false},"featured_media":791,"template":"","meta":[],"product_brand":[],"product_cat":[24],"product_tag":[],"class_list":{"0":"post-1726","1":"product","2":"type-product","3":"status-publish","4":"has-post-thumbnail","6":"product_cat-rollos-stoffe","8":"first","9":"instock","10":"taxable","11":"shipping-taxable","12":"product-type-simple"},"_links":{"self":[{"href":"https:\/\/coolants-germany.de\/en\/wp-json\/wp\/v2\/product\/1726","targetHints":{"allow":["GET"]}}],"collection":[{"href":"https:\/\/coolants-germany.de\/en\/wp-json\/wp\/v2\/product"}],"about":[{"href":"https:\/\/coolants-germany.de\/en\/wp-json\/wp\/v2\/types\/product"}],"wp:featuredmedia":[{"embeddable":true,"href":"https:\/\/coolants-germany.de\/en\/wp-json\/wp\/v2\/media\/791"}],"wp:attachment":[{"href":"https:\/\/coolants-germany.de\/en\/wp-json\/wp\/v2\/media?parent=1726"}],"wp:term":[{"taxonomy":"product_brand","embeddable":true,"href":"https:\/\/coolants-germany.de\/en\/wp-json\/wp\/v2\/product_brand?post=1726"},{"taxonomy":"product_cat","embeddable":true,"href":"https:\/\/coolants-germany.de\/en\/wp-json\/wp\/v2\/product_cat?post=1726"},{"taxonomy":"product_tag","embeddable":true,"href":"https:\/\/coolants-germany.de\/en\/wp-json\/wp\/v2\/product_tag?post=1726"}],"curies":[{"name":"wp","href":"https:\/\/api.w.org\/{rel}","templated":true}]}}