{"id":172,"date":"2023-07-06T12:40:02","date_gmt":"2023-07-06T12:40:02","guid":{"rendered":"http:\/\/coolants-germany.de\/?post_type=product&#038;p=172"},"modified":"2026-04-16T12:04:41","modified_gmt":"2026-04-16T12:04:41","slug":"thermoplus","status":"publish","type":"product","link":"https:\/\/coolants-germany.de\/en\/product\/thermoplus\/","title":{"rendered":"ThermoPlus inside coating"},"content":{"rendered":"<p style=\"text-align: left;\"><strong>Ideales Raumklima und gro\u00dfe Farbvielfalt<\/strong><br \/>\nNeben einer riesigen Farbauswahl bietet ThermoPlus Eigenschaften, die das Raumklima regulieren und den Wohnkomfort verbessern. So werden Temperatur, Luftfeuchtigkeit und sogar die Akustik positiv beeinflusst.<\/p>\n<p style=\"text-align: left;\">Alle Beschichtungen bzw. Farben von ClimateCoating<sup>\u00ae<\/sup>\u00a0basieren auf der reflektiven Membrantechnologie und wirken rein physikalisch. Die umweltfreundlichen und leistungsstarken Anstrichstoffe \u00fcberzeugen Anwender weltweit seit 2003 durch ihre besonderen Eigenschaften und hohe Wirtschaftlichkeit.<\/p>\n<p style=\"text-align: left;\"><strong>Bestes Raumklima f\u00fcr Wohnbehaglichkeit zu jeder Jahreszeit<\/strong><br \/>\n<em>Im Sommer<\/em>\u00a0nimmt die Beschichtung die \u00fcbersch\u00fcssige Feuchtigkeit aus der Raumluft auf und gleicht diese mit der trockeneren Raumluft aus (Entropieprinzip1). Es entsteht Verdunstungsk\u00e4lte, die sowohl die Wandoberfl\u00e4chen k\u00fchlt als auch die hohe Raumtemperatur senkt.<\/p>\n<p style=\"text-align: left;\"><em>Im Winter,<\/em>\u00a0bei geringerer Luftfeuchtigkeit, nimmt die Beschichtung Raumw\u00e4rme auf, leitet sie gleichm\u00e4\u00dfig in sich weiter und strahlt diese \u2013 wie ein Kachelofen \u2013 in den Raum ab. Im Resultat werden\u00a0Konvektionsstr\u00f6me\u00a0und\u00a0W\u00e4rmebr\u00fccken\u00a0minimiert und die Temperaturdifferenz zwischen unten und oben verringert. Die thermische Behaglichkeit im Raum steigt sp\u00fcrbar.<\/p>\n<p style=\"text-align: left;\"><strong>Optimale Raumluftfeuchte<\/strong><br \/>\nIst die Raumluft feucht, speichert ThermoPlus Wassermolek\u00fcle in seiner d\u00fcnnen Oberfl\u00e4che. Im Gegenzug gibt die Oberfl\u00e4che die Feuchtigkeit an die Raumluft ab, wenn diese zu trocken ist. ThermoPlus ist so eingestellt, dass die Raumluftfeuchte im idealen Bereich um die 55% bleibt.<\/p>\n<p style=\"text-align: left;\"><strong>Renovierungsintervalle: Mehr ist hier weniger<\/strong><br \/>\nThermoPlus macht \u00fcberdurchschnittlich viel Freude, denn die antielektrostatische Wirkung der Wandfarbe reduziert die Staub- und Nikotinablagerung auf den beschichteten Wandfl\u00e4chen. Schmutzpartikel gehen keine chemische Verbindung mit der Oberfl\u00e4che ein. Hochwertige Rohstoffe und Pigmente sorgen f\u00fcr eine hervorragende Lichtbest\u00e4ndigkeit und wirken dem Ausbleichen, Vergilben und Kreiden entgegen. Die W\u00e4nde in Flur und Wohnzimmer, im B\u00fcro oder im Restaurant bleiben lange strahlend sch\u00f6n. Die n\u00e4chste Renovierungsinvestition r\u00fcckt dank reflektiver Membrantechnologie weiter in die Zukunft als bei herk\u00f6mmlichen Wandfarben.<\/p>\n<p style=\"text-align: left;\"><strong>Farbvielfalt f\u00fcr Kreative<\/strong><br \/>\nDie Innenwandfarbe ThermoPlus l\u00e4sst f\u00fcr die kreative Farbgestaltung keine W\u00fcnsche offen und punktet zus\u00e4tzlich durch Umwelt- und Gesundheitsvertr\u00e4glichkeit. Die gewohnt leichte Anwendung auf nahezu allen Untergr\u00fcnden gelingt mit Pinsel, Rolle oder Spritzger\u00e4t.<\/p>\n<p style=\"text-align: left;\">Sie m\u00f6chten gr\u00f6\u00dfere Mengen bestellen? Nehmen Sie <a href=\"http:\/\/coolants-germany.de\/en\/ueber-uns\/kontakt\/\"><strong>Contact<\/strong><\/a> mit uns auf!<\/p>\n<p>&nbsp;<\/p>\n<p style=\"text-align: left;\"><strong><a href=\"https:\/\/coolants-germany.de\/wp-content\/uploads\/2024\/10\/03-ThermoPlus_Folder_EN.pdf\" target=\"_blank\" rel=\"noopener\">&gt; <\/a><a href=\"https:\/\/coolants-germany.de\/wp-content\/uploads\/2024\/10\/03-ThermoPlus_Folder_EN.pdf\" target=\"_blank\" rel=\"noopener\">Auf einen Blick &#8211; ThermoPlus Innenbeschichtung<\/a><\/strong><\/p>","protected":false},"excerpt":{"rendered":"<p><strong>Ideales Raumklima und gro\u00dfe Farbvielfalt <\/strong>\u2013 In addition to a huge range of colours, ThermoPlus offers properties that regulate the room climate all year round and improve living comfort.<\/p>\n<p>&nbsp;<\/p>","protected":false},"featured_media":3001,"template":"","meta":[],"product_brand":[],"product_cat":[19],"product_tag":[81,82,83],"class_list":{"0":"post-172","1":"product","2":"type-product","3":"status-publish","4":"has-post-thumbnail","6":"product_cat-klimafarbe","7":"product_tag-klimafarbe","8":"product_tag-klimabeschichtung","9":"product_tag-hitzeschutz","10":"product_shipping_class-farben","12":"first","13":"instock","14":"taxable","15":"shipping-taxable","16":"purchasable","17":"product-type-variable","18":"has-default-attributes"},"_links":{"self":[{"href":"https:\/\/coolants-germany.de\/en\/wp-json\/wp\/v2\/product\/172","targetHints":{"allow":["GET"]}}],"collection":[{"href":"https:\/\/coolants-germany.de\/en\/wp-json\/wp\/v2\/product"}],"about":[{"href":"https:\/\/coolants-germany.de\/en\/wp-json\/wp\/v2\/types\/product"}],"wp:featuredmedia":[{"embeddable":true,"href":"https:\/\/coolants-germany.de\/en\/wp-json\/wp\/v2\/media\/3001"}],"wp:attachment":[{"href":"https:\/\/coolants-germany.de\/en\/wp-json\/wp\/v2\/media?parent=172"}],"wp:term":[{"taxonomy":"product_brand","embeddable":true,"href":"https:\/\/coolants-germany.de\/en\/wp-json\/wp\/v2\/product_brand?post=172"},{"taxonomy":"product_cat","embeddable":true,"href":"https:\/\/coolants-germany.de\/en\/wp-json\/wp\/v2\/product_cat?post=172"},{"taxonomy":"product_tag","embeddable":true,"href":"https:\/\/coolants-germany.de\/en\/wp-json\/wp\/v2\/product_tag?post=172"}],"curies":[{"name":"wp","href":"https:\/\/api.w.org\/{rel}","templated":true}]}}