{"id":2392,"date":"2023-06-24T06:00:45","date_gmt":"2023-06-24T06:00:45","guid":{"rendered":"http:\/\/coolants-germany.de\/?post_type=product&#038;p=2392"},"modified":"2023-07-06T14:03:11","modified_gmt":"2023-07-06T14:03:11","slug":"deoxx-eco-wash-spezialwaschmittel","status":"publish","type":"product","link":"http:\/\/coolants-germany.de\/en\/product\/deoxx-eco-wash-spezialwaschmittel\/","title":{"rendered":"DEOXX &#8211; ECO Wash &#8211; Spezialwaschmittel"},"content":{"rendered":"<h3 style=\"text-align: left;\"><b>Damit Sie lange Freude an Ihrem K\u00fchlprodukt mit COOLINE INSIDE\u00ae haben<\/b><\/h3>\n<ul style=\"text-align: left;\">\n<li>Spezialwaschmittel von TOKO\u00ae f\u00fcr K\u00fchlfunktionstextilien mit COOLINE INSIDE\u00ae 3-D-COOL\u00ae Vlies<\/li>\n<li>auf Basis nachwachsender Rohstoffe produziert<\/li>\n<li>biologisch abbaubar<\/li>\n<li>auch bei niedrigen Temperaturen hoch wirksam<\/li>\n<li>dermatologisch getestet<\/li>\n<\/ul>\n<div class=\"widget widget-text widget-none\" style=\"text-align: left;\">\n<div class=\"widget-inner bg-appearance\">\n<h4><strong><br \/>\nDie COOLINE SX3 Technologie<\/strong><\/h4>\n<\/div>\n<\/div>\n<div class=\"widget widget-text widget-none\">\n<div class=\"widget-inner bg-appearance\" style=\"text-align: left;\">\n<p>Die geniale COOLINE SX3-Technologie, die in E.COOLINE steckt, sorgt mit smarten Fasern f\u00fcr bis zu 660 Watt K\u00fchlenergie. So erzielt man effektive K\u00fchltemperaturen von bis zu 12\u00b0C und spart dabei auch noch bis zu 97% CO2 im Vergleich zu Klimaanlagen. Das ist nicht nur cool, sondern auch umweltfreundlich.<\/p>\n<p>Der gro\u00dfe Vorteil von COOLINE SX3: Jeder k\u00fchlt sich ganz individuell. Durch die patentierte Technologie und die DEOXXfresh Ausr\u00fcstung sorgen die waschbaren Decken mit der <strong>Technologie \u201aMade in Germany\u2018<\/strong> in jeder Situation f\u00fcr angenehme trockene K\u00fchlung und das perfekte Frischegef\u00fchl.<\/p>\n<\/div>\n<p><img fetchpriority=\"high\" decoding=\"async\" class=\"wp-image-2396 aligncenter\" src=\"http:\/\/coolants-germany.de\/wp-content\/uploads\/2023\/07\/E.COOLINE_Funktionsgrafik_3D_COOL_SX3_2019-300x278.png\" alt=\"\" width=\"591\" height=\"548\" srcset=\"https:\/\/coolants-germany.de\/wp-content\/uploads\/2023\/07\/E.COOLINE_Funktionsgrafik_3D_COOL_SX3_2019-300x278.png 300w, https:\/\/coolants-germany.de\/wp-content\/uploads\/2023\/07\/E.COOLINE_Funktionsgrafik_3D_COOL_SX3_2019-600x556.png 600w, https:\/\/coolants-germany.de\/wp-content\/uploads\/2023\/07\/E.COOLINE_Funktionsgrafik_3D_COOL_SX3_2019-1024x949.png 1024w, https:\/\/coolants-germany.de\/wp-content\/uploads\/2023\/07\/E.COOLINE_Funktionsgrafik_3D_COOL_SX3_2019-768x712.png 768w, https:\/\/coolants-germany.de\/wp-content\/uploads\/2023\/07\/E.COOLINE_Funktionsgrafik_3D_COOL_SX3_2019-1536x1424.png 1536w, https:\/\/coolants-germany.de\/wp-content\/uploads\/2023\/07\/E.COOLINE_Funktionsgrafik_3D_COOL_SX3_2019-2048x1898.png 2048w, https:\/\/coolants-germany.de\/wp-content\/uploads\/2023\/07\/E.COOLINE_Funktionsgrafik_3D_COOL_SX3_2019-13x12.png 13w, https:\/\/coolants-germany.de\/wp-content\/uploads\/2023\/07\/E.COOLINE_Funktionsgrafik_3D_COOL_SX3_2019-60x56.png 60w, https:\/\/coolants-germany.de\/wp-content\/uploads\/2023\/07\/E.COOLINE_Funktionsgrafik_3D_COOL_SX3_2019-110x102.png 110w\" sizes=\"(max-width: 591px) 100vw, 591px\" \/><\/p>\n<\/div>","protected":false},"excerpt":{"rendered":"<p><strong>DEOXX &#8211; ECO Wash &#8211; Spezialwaschmittel<\/strong><\/p>","protected":false},"featured_media":2397,"template":"","meta":[],"product_brand":[],"product_cat":[27],"product_tag":[],"class_list":{"0":"post-2392","1":"product","2":"type-product","3":"status-publish","4":"has-post-thumbnail","6":"product_cat-kuehlbekleidung","7":"product_shipping_class-kuehlbekleidung","9":"first","10":"instock","11":"taxable","12":"shipping-taxable","13":"purchasable","14":"product-type-simple"},"_links":{"self":[{"href":"http:\/\/coolants-germany.de\/en\/wp-json\/wp\/v2\/product\/2392","targetHints":{"allow":["GET"]}}],"collection":[{"href":"http:\/\/coolants-germany.de\/en\/wp-json\/wp\/v2\/product"}],"about":[{"href":"http:\/\/coolants-germany.de\/en\/wp-json\/wp\/v2\/types\/product"}],"wp:featuredmedia":[{"embeddable":true,"href":"http:\/\/coolants-germany.de\/en\/wp-json\/wp\/v2\/media\/2397"}],"wp:attachment":[{"href":"http:\/\/coolants-germany.de\/en\/wp-json\/wp\/v2\/media?parent=2392"}],"wp:term":[{"taxonomy":"product_brand","embeddable":true,"href":"http:\/\/coolants-germany.de\/en\/wp-json\/wp\/v2\/product_brand?post=2392"},{"taxonomy":"product_cat","embeddable":true,"href":"http:\/\/coolants-germany.de\/en\/wp-json\/wp\/v2\/product_cat?post=2392"},{"taxonomy":"product_tag","embeddable":true,"href":"http:\/\/coolants-germany.de\/en\/wp-json\/wp\/v2\/product_tag?post=2392"}],"curies":[{"name":"wp","href":"https:\/\/api.w.org\/{rel}","templated":true}]}}